{"id":5841,"date":"2018-11-18T10:00:34","date_gmt":"2018-11-18T09:00:34","guid":{"rendered":"https:\/\/leukerbad-hotel-alex.ch\/?page_id=5841"},"modified":"2019-09-23T23:29:03","modified_gmt":"2019-09-23T21:29:03","slug":"dichiarazione-sulla-privacy","status":"publish","type":"page","link":"https:\/\/leukerbad-hotel-alex.ch\/it\/dichiarazione-sulla-privacy\/","title":{"rendered":"Dichiarazione sulla privacy"},"content":{"rendered":"<div id='cb-h1-spacer'  class='avia-section av-pbx2qk-2e99acf1843d24183fcaa432aca0b5bd main_color avia-section-default avia-no-shadow  avia-builder-el-0  avia-builder-el-no-sibling  avia-bg-style-scroll container_wrap fullsize'  ><div class='container av-section-cont-open' ><main  role=\"main\" itemprop=\"mainContentOfPage\"  class='template-page content  av-content-full alpha units'><div class='post-entry post-entry-type-page post-entry-5841'><div class='entry-content-wrapper clearfix'>\n\n<style type=\"text\/css\" data-created_by=\"avia_inline_auto\" id=\"style-css-av-nluf7g-70225f20b539041756211d12594c4dc4\">\n.flex_column.av-nluf7g-70225f20b539041756211d12594c4dc4{\nborder-radius:0px 0px 0px 0px;\npadding:0px 0px 0px 0px;\n}\n<\/style>\n<div  class='flex_column av-nluf7g-70225f20b539041756211d12594c4dc4 av_two_third  avia-builder-el-1  el_before_av_one_third  avia-builder-el-first  first flex_column_div av-zero-column-padding  '     ><p>\n<style type=\"text\/css\" data-created_by=\"avia_inline_auto\" id=\"style-css-av-lzv8bg-c3a774a79e1c76b89587674840c6a668\">\n#top .hr.av-lzv8bg-c3a774a79e1c76b89587674840c6a668{\nmargin-top:10px;\nmargin-bottom:10px;\n}\n.hr.av-lzv8bg-c3a774a79e1c76b89587674840c6a668 .hr-inner{\nwidth:100%;\nborder-color:#6b6b6b;\n}\n<\/style>\n<div  class='hr av-lzv8bg-c3a774a79e1c76b89587674840c6a668 hr-custom  avia-builder-el-2  el_before_av_heading  avia-builder-el-first  hr-center hr-icon-no'><span class='hr-inner inner-border-av-border-fat'><span class=\"hr-inner-style\"><\/span><\/span><\/div><br \/>\n\n<style type=\"text\/css\" data-created_by=\"avia_inline_auto\" id=\"style-css-av-av_heading-4899079676d0615aed1d117ecfe767cd\">\n#top .av-special-heading.av-av_heading-4899079676d0615aed1d117ecfe767cd{\npadding-bottom:20px;\n}\nbody .av-special-heading.av-av_heading-4899079676d0615aed1d117ecfe767cd .av-special-heading-tag .heading-char{\nfont-size:25px;\n}\n.av-special-heading.av-av_heading-4899079676d0615aed1d117ecfe767cd .av-subheading{\nfont-size:20px;\n}\n<\/style>\n<div  class='av-special-heading av-av_heading-4899079676d0615aed1d117ecfe767cd av-special-heading-h1 blockquote modern-quote  avia-builder-el-3  el_after_av_hr  avia-builder-el-last '><h1 class='av-special-heading-tag'  itemprop=\"headline\"  >Dichiarazione sulla privacy<\/h1><div class=\"special-heading-border\"><div class=\"special-heading-inner-border\"><\/div><\/div><\/div><\/p><\/div>\n<style type=\"text\/css\" data-created_by=\"avia_inline_auto\" id=\"style-css-av-4ljhf0-a5decadad30c088aad2d664767c73fd2\">\n.flex_column.av-4ljhf0-a5decadad30c088aad2d664767c73fd2{\nborder-radius:0px 0px 0px 0px;\npadding:0px 0px 0px 0px;\n}\n<\/style>\n<div  class='flex_column av-4ljhf0-a5decadad30c088aad2d664767c73fd2 av_one_third  avia-builder-el-4  el_after_av_two_third  el_before_av_two_third  flex_column_div av-zero-column-padding  '     ><\/div>\n<style type=\"text\/css\" data-created_by=\"avia_inline_auto\" id=\"style-css-av-ilvar0-31ab2f5180909d1454442f58fc6db289\">\n.flex_column.av-ilvar0-31ab2f5180909d1454442f58fc6db289{\nborder-radius:0px 0px 0px 0px;\npadding:0px 0px 0px 0px;\n}\n<\/style>\n<div  class='flex_column av-ilvar0-31ab2f5180909d1454442f58fc6db289 av_two_third  avia-builder-el-5  el_after_av_one_third  el_before_av_one_third  first flex_column_div av-zero-column-padding  column-top-margin'     ><div  class='togglecontainer av-8lz6zw-e7e76f61b87cc705b6d117338d827e80  avia-builder-el-6  avia-builder-el-no-sibling ' >\n<section class='av_toggle_section av-av_toggle-997bd8e64863475f528b514b9c00df90'  itemscope=\"itemscope\" itemtype=\"https:\/\/schema.org\/CreativeWork\" ><div role=\"tablist\" class=\"single_toggle\" data-tags=\"{Tutto} \"  ><p data-fake-id='#toggle-id-1' class='toggler   '  itemprop=\"headline\"  role='tab' tabindex='0' aria-controls='toggle-id-1'>A. Informativa sulla raccolta di dati personali<span class=\"toggle_icon\"><span class=\"vert_icon\"><\/span><span class=\"hor_icon\"><\/span><\/span><\/p><div id='toggle-id-1' class='toggle_wrap  '  ><div class='toggle_content invers-color '  itemprop=\"text\" ><p><strong>1. Campo di applicazione<\/strong><\/p>\n<p>La presente dichiarazione si applica alle pagine Internet accessibili all&#8217;indirizzo https:\/\/leukerbad-hotel-alex.ch. Si prega di notare che https:\/\/leukerbad-hotel-alex.ch pu\u00f2 fare riferimento ad altri siti web per i quali possono essere applicate disposizioni diverse in materia di protezione dei dati personali.<\/p>\n<p><strong>2. Responsabile<\/strong><\/p>\n<p>Luciano Gentinetta<br \/>\nHotel Alex<br \/>\nRingstrasse 332<br \/>\n3954 Leukerbad<br \/>\n+41 27 472 22 22<br \/>\ninfo@hotel-alex.ch<\/p>\n<p><strong>3. Cancellazione e durata della conservazione<\/strong><\/p>\n<p>I dati personali dell&#8217;interessato vengono cancellati o bloccati non appena viene meno lo scopo della memorizzazione. Inoltre, i dati possono essere memorizzati se ci\u00f2 \u00e8 previsto dalla legge. I dati vengono bloccati o cancellati anche alla scadenza di un periodo di conservazione prescritto dalla legge, a meno che l&#8217;ulteriore conservazione dei dati non sia necessaria per la conclusione o l&#8217;adempimento di un contratto.<\/p>\n<p><strong>4. Inclusione dei fornitori di servizi e utilizzo dei dati personali a fini pubblicitari<\/strong><\/p>\n<p>Se desideriamo utilizzare i fornitori di servizi convenzionati per singole funzioni della nostra offerta o utilizzare i vostri dati per scopi pubblicitari, vi informeremo qui di seguito in dettaglio sui rispettivi processi. Specificheremo anche i criteri per il periodo di conservazione.<\/p>\n<\/div><\/div><\/div><\/section>\n<section class='av_toggle_section av-2wehfl-6652b4d07bad56abb88a25cc9cd30826'  itemscope=\"itemscope\" itemtype=\"https:\/\/schema.org\/CreativeWork\" ><div role=\"tablist\" class=\"single_toggle\" data-tags=\"{Tutto} \"  ><p data-fake-id='#toggle-id-2' class='toggler   '  itemprop=\"headline\"  role='tab' tabindex='0' aria-controls='toggle-id-2'>B. Trattamento dei dati<span class=\"toggle_icon\"><span class=\"vert_icon\"><\/span><span class=\"hor_icon\"><\/span><\/span><\/p><div id='toggle-id-2' class='toggle_wrap  '  ><div class='toggle_content invers-color '  itemprop=\"text\" ><p><strong>1. Trattamento generale dei dati personali durante la visita al nostro sito web<\/strong><\/p>\n<p>Se utilizzate il sito web solo a scopo informativo, cio\u00e8 se non ci fornite altre informazioni, raccogliamo solo i dati personali che il vostro browser trasmette al nostro server. Quando questi dati vengono memorizzati, non vengono assegnati a una persona specifica. Quando visitate il nostro sito web, raccogliamo i seguenti dati, che sono tecnicamente necessari per visualizzare il nostro sito web e per garantire stabilit\u00e0 e sicurezza:<\/p>\n<ul>\n<li>Indirizzo IP<\/li>\n<li>Data e ora della richiesta<\/li>\n<li>Differenza di fuso orario rispetto all&#8217;ora media di Greenwich (GMT) Fuso orario<\/li>\n<li>Contenuto della richiesta (pagina concreta)<\/li>\n<li>Codice di stato di accesso\/http status code<\/li>\n<li>Quantit\u00e0 di dati trasferiti in ciascun caso<\/li>\n<li>Pagina web da cui proviene la richiesta<\/li>\n<li>Browser (incl. lingua e versione)<\/li>\n<li>Sistema operativo e versione del software del browser.<\/li>\n<\/ul>\n<p><strong>2. Contatto via e-mail<\/strong><\/p>\n<p>Quando ci contattate via e-mail, memorizziamo i dati da voi forniti (il vostro indirizzo e-mail, il vostro nome e numero di telefono, se del caso) per fissare appuntamenti o rispondere alle vostre domande. Cancelliamo i dati derivanti da questo collegamento dopo che la memorizzazione non \u00e8 pi\u00f9 necessaria o ne limitiamo l&#8217;elaborazione in caso di obblighi legali di memorizzazione.<\/p>\n<p><strong>3. Cookie<\/strong><\/p>\n<p>Oltre ai dati di cui sopra, i cookie vengono memorizzati sul vostro computer quando utilizzate il nostro sito web. I cookie sono piccoli file di testo che vengono memorizzati sul disco rigido assegnato al browser che si sta utilizzando e attraverso i quali alcune informazioni scorrono fino alla posizione che imposta il cookie (qui da noi). I cookie non possono eseguire programmi o trasmettere virus al vostro computer. Essi servono a rendere il sito web pi\u00f9 facile da usare ed efficace.<\/p>\n<p>Il nostro sito web utilizza i seguenti tipi di cookie, la cui portata e funzione sono illustrate di seguito:<\/p>\n<ul>\n<li>Cookie transitori (vedi sotto 3.1)<\/li>\n<li>Cookies persistenti (vedi sotto 3.2).<\/li>\n<\/ul>\n<p>3.1 Cookie transitori<\/p>\n<p>I cookie transitori vengono automaticamente cancellati alla chiusura del browser. Questi includono in particolare i cookie di sessione. Essi memorizzano un cosiddetto ID di sessione, che pu\u00f2 essere utilizzato per assegnare diverse richieste dal vostro browser alla sessione condivisa. In questo modo il vostro computer viene riconosciuto quando tornate sul nostro sito web. I cookie di sessione vengono cancellati quando l&#8217;utente si disconnette o chiude il browser.<\/p>\n<p>3.2 Cookies persistenti<\/p>\n<p>I cookie persistenti vengono automaticamente cancellati dopo un periodo di tempo specificato, che pu\u00f2 variare a seconda del cookie. \u00c8 possibile eliminare i cookie in qualsiasi momento nelle impostazioni di sicurezza del browser.<\/p>\n<p>3.3 Impostazione dei cookie<\/p>\n<p>\u00c8 possibile configurare le impostazioni del browser in base alle proprie esigenze e, ad esempio, rifiutare l&#8217;accettazione di cookie di terze parti o di tutti i cookie. Desideriamo sottolineare che potrebbe non essere in grado di utilizzare tutte le funzioni di questo sito web.<\/p>\n<p><strong>4. Seekda<\/strong><\/p>\n<p>Al fine di elaborare la vostra richiesta di prenotazione o di prenotazione, \u00e8 necessario per noi memorizzare ed elaborare i dati da voi forniti. A tale scopo utilizziamo il sistema di prenotazione e amministrazione Seekda. Il fornitore \u00e8 Kognitiv (Seekda GmbH), Neubaugasse 10\/15, 1070 Vienna.<\/p>\n<p>Ulteriori informazioni sul trattamento dei dati degli utenti sono disponibili nella <a href=\"https:\/\/seekda.com\/de\/datenschutzerklarung\/\" target=\"_blank\" rel=\"noopener noreferrer\">dichiarazione sulla privacy di Kognitiv<\/a>.<\/p>\n<p><strong>5. Google Fonts<\/strong><\/p>\n<p>Questo sito web utilizza Google Fonts, un servizio fornito da Google Inc., 1600 Amphitheatre Parkway, Mountain View, CA 94043, USA.<\/p>\n<p>Utilizzando questi link, le informazioni vengono trasferite a un server di Google. Utilizzando questo sito web, voi acconsentite al trattamento dei vostri dati da parte di Google.<\/p>\n<p>Ulteriori informazioni sul trattamento dei dati degli utenti sono disponibili nella<a href=\"https:\/\/policies.google.com\/privacy?hl=it\" target=\"_blank\" rel=\"noopener noreferrer\"> dichiarazione sulla privacy di Google<\/a>.<\/p>\n<p><strong>6. Google Maps<\/strong><\/p>\n<p>Questo sito web utilizza Google Maps, un servizio fornito da Google Inc., 1600 Amphitheatre Parkway, Mountain View, CA 94043, USA.<\/p>\n<p>Utilizzando questi link, le informazioni vengono trasferite a un server di Google. Utilizzando questo sito web, voi acconsentite al trattamento dei vostri dati da parte di Google.<\/p>\n<p>Ulteriori informazioni sul trattamento dei dati degli utenti sono disponibili nella<a href=\"https:\/\/policies.google.com\/privacy?hl=it\" target=\"_blank\" rel=\"noopener noreferrer\"> dichiarazione sulla privacy di Google<\/a>.<\/p>\n<p><strong>7. Google Analytics<\/strong><\/p>\n<p>Questo sito web utilizza Google Analytics, un servizio di analisi web fornito da Google Inc., 1600 Amphitheatre Parkway, Mountain View, CA 94043, USA.<\/p>\n<p>Utilizzando questi link, le informazioni vengono trasferite a un server di Google. Utilizzando questo sito web, voi acconsentite al trattamento dei vostri dati da parte di Google.<\/p>\n<p>Ulteriori informazioni sul trattamento dei dati degli utenti sono disponibili nella<a href=\"https:\/\/policies.google.com\/privacy?hl=it\" target=\"_blank\" rel=\"noopener noreferrer\"> dichiarazione sulla privacy di Google<\/a>.<\/p>\n<p><strong>8. YouTube<\/strong><\/p>\n<p>Su questo sito troverete uno o pi\u00f9 link a YouTube. Fornitore di questo servizio \u00e8 Google Inc., 1600 Amphitheatre Parkway, Mountain View, CA 94043, USA.<\/p>\n<p>Utilizzando questi link, le informazioni vengono trasferite a un server di Google. Utilizzando questo sito web, voi acconsentite al trattamento dei vostri dati da parte di Google.<\/p>\n<p>Ulteriori informazioni sul trattamento dei dati degli utenti sono disponibili nella<a href=\"https:\/\/policies.google.com\/privacy?hl=it\" target=\"_blank\" rel=\"noopener noreferrer\"> dichiarazione sulla privacy di Google<\/a>.<\/p>\n<p><strong>9. Facebook<\/strong><\/p>\n<p>Su questo sito troverete uno o pi\u00f9 link a Facebook. Il fornitore di questo servizio \u00e8 Facebook Inc, 1601 Willow Road, Menlo Park, Ca 94025, USA.<\/p>\n<p>Utilizzando questi link, le informazioni vengono trasferite a un server di Facebook. Utilizzando questo sito web, l&#8217;utente acconsente all&#8217;elaborazione delle informazioni raccolte su di voi da parte di Facebook.<\/p>\n<p>Ulteriori informazioni sul trattamento dei dati utente sono disponibili nell&#8217;informativa sulla <a href=\"https:\/\/it-it.facebook.com\/policy.php\" target=\"_blank\" rel=\"noopener noreferrer\">dichiarazione sulla privacy di Facebook<\/a>.<\/p>\n<p><strong>10. HolidayCheck<\/strong><\/p>\n<p>Su questo sito troverete uno o pi\u00f9 link a HolidayCheck. Il fornitore di questo servizio \u00e8 HolidayCheck AG, Bahnweg 8, CH-8598 Bottighofen, Svizzera.<\/p>\n<p>Utilizzando questi link, le informazioni vengono trasferite a un server di HolidayCheck. Utilizzando questo sito web, l&#8217;utente acconsente che HolidayCheck elabori le informazioni raccolte su di voi.<\/p>\n<p>Ulteriori informazioni sul trattamento dei dati degli utenti sono disponibili nell&#8217;informativa sulla <a href=\"https:\/\/www.holidaycheck.de\/datenschutz\" target=\"_blank\" rel=\"noopener noreferrer\">dichiarazione sulla privacy di HolidayCheck<\/a>.<\/p>\n<p><strong>11. Tripadvisor<\/strong><\/p>\n<p>Su questo sito web troverete uno o pi\u00f9 link a TripAdvisor. Il fornitore di questo servizio TripAdvisor Inc., 141 Needham Street, Newton, MA 02464, USA.<\/p>\n<p>Utilizzando questi link, le informazioni vengono trasferite ad un server Tripadvisor. Utilizzando questo sito web, l&#8217;utente acconsente che TripAdvisor elabori le informazioni raccolte su di te.<\/p>\n<p>Ulteriori informazioni sul trattamento dei dati degli utenti sono disponibili nella <a href=\"https:\/\/tripadvisor.mediaroom.com\/US\" target=\"_blank\" rel=\"noopener noreferrer\">dichiarazione sulla privacy di TripAdvisor<\/a>.<\/p>\n<p><strong>12. Customer Alliance<\/strong><\/p>\n<p>Su questo sito web troverete uno o pi\u00f9 link alla Customer Alliance. Il fornitore di questo servizio \u00e8 Customer Alliance GmbH Ullsteinstra\u00dfe 118, Turm B, 12109 Berlin.<\/p>\n<p>Utilizzando questi link, le informazioni vengono trasferite ad un server della Customer Alliance. Utilizzando questo sito web, acconsentite al trattamento delle informazioni raccolte su di voi.<\/p>\n<p>Ulteriori informazioni sul trattamento dei dati degli utenti sono disponibili nella <a href=\"https:\/\/www.customer-alliance.com\/en\/privacy-policy\/\" target=\"_blank\" rel=\"noopener noreferrer\">dichiarazione sulla privacy di Customer Alliance<\/a>.<\/p>\n<\/div><\/div><\/div><\/section>\n<section class='av_toggle_section av-4a7tm9-0cd573fd3bb58cd8d0942fb51ea26580'  itemscope=\"itemscope\" itemtype=\"https:\/\/schema.org\/CreativeWork\" ><div role=\"tablist\" class=\"single_toggle\" data-tags=\"{Tutto} \"  ><p data-fake-id='#toggle-id-3' class='toggler   '  itemprop=\"headline\"  role='tab' tabindex='0' aria-controls='toggle-id-3'>C. Diritti dell\u2019interessato<span class=\"toggle_icon\"><span class=\"vert_icon\"><\/span><span class=\"hor_icon\"><\/span><\/span><\/p><div id='toggle-id-3' class='toggle_wrap  '  ><div class='toggle_content invers-color '  itemprop=\"text\" ><p>Avete il diritto di revocare in qualsiasi momento il vostro consenso all&#8217;utilizzo dei vostri dati personali e di ricevere informazioni su tutti i vostri dati personali da noi memorizzati, di controllarli, correggerli se necessario, bloccarli o farli cancellare. Si prega di contattare l&#8217;ufficio competente (vedi sopra).<\/p>\n<p>La cancellazione non pu\u00f2 avvenire solo se siamo obbligati per legge a conservare i vostri dati personali. In questo caso i dati saranno bloccati.<\/p>\n<\/div><\/div><\/div><\/section>\n<section class='av_toggle_section av-2bkqox-50a2bb0f8a80d56ecd1a7eeaf5884ac6'  itemscope=\"itemscope\" itemtype=\"https:\/\/schema.org\/CreativeWork\" ><div role=\"tablist\" class=\"single_toggle\" data-tags=\"{Tutto} \"  ><p data-fake-id='#toggle-id-4' class='toggler   '  itemprop=\"headline\"  role='tab' tabindex='0' aria-controls='toggle-id-4'>D. Con riserva di modifiche<span class=\"toggle_icon\"><span class=\"vert_icon\"><\/span><span class=\"hor_icon\"><\/span><\/span><\/p><div id='toggle-id-4' class='toggle_wrap  '  ><div class='toggle_content invers-color '  itemprop=\"text\" ><p>Ci riserviamo il diritto di modificare questa dichiarazione in qualsiasi momento. Essa non stabilisce alcun diritto contrattuale.<\/p>\n<p><strong>Stato: Novembre 2018<\/strong><\/p>\n<\/div><\/div><\/div><\/section>\n<\/div><\/div>\n<style type=\"text\/css\" data-created_by=\"avia_inline_auto\" id=\"style-css-av-265woc-6eff5c5f898ade58d40917ad40e83087\">\n.flex_column.av-265woc-6eff5c5f898ade58d40917ad40e83087{\nborder-radius:0px 0px 0px 0px;\npadding:0px 0px 0px 0px;\n}\n<\/style>\n<div  class='flex_column av-265woc-6eff5c5f898ade58d40917ad40e83087 av_one_third  avia-builder-el-7  el_after_av_two_third  el_before_av_one_full  flex_column_div av-zero-column-padding  column-top-margin'     ><\/div>\n<style type=\"text\/css\" data-created_by=\"avia_inline_auto\" id=\"style-css-av-265woc-ad28d89b7dfb69d7f3d8e21f6441a689\">\n.flex_column.av-265woc-ad28d89b7dfb69d7f3d8e21f6441a689{\nborder-radius:0px 0px 0px 0px;\npadding:0px 0px 0px 0px;\n}\n<\/style>\n<div  class='flex_column av-265woc-ad28d89b7dfb69d7f3d8e21f6441a689 av_one_full  avia-builder-el-8  el_after_av_one_third  avia-builder-el-last  first flex_column_div av-zero-column-padding  column-top-margin'     ><div  class='avia-buttonrow-wrap av-jomm6s8w-530a1054741e76b52071f49a4a4132e2 avia-buttonrow-left  avia-builder-el-9  avia-builder-el-no-sibling '>\n\n<style type=\"text\/css\" data-created_by=\"avia_inline_auto\" id=\"style-css-av-5shhay-d093bae4876f232f8ac589305abb0b3b\">\n#top #wrap_all .avia-button.av-5shhay-d093bae4876f232f8ac589305abb0b3b{\nmargin-bottom:5px;\nmargin-right:5px;\n}\n<\/style>\n<a href=\"https:\/\/leukerbad-hotel-alex.ch\/it\/informazioni-legali\/\" class=\"avia-button av-5shhay-d093bae4876f232f8ac589305abb0b3b avia-icon_select-no avia-size-large avia-color-theme-color\"><span class='avia_iconbox_title' >Informazioni legali<\/span><\/a>\n\n<style type=\"text\/css\" data-created_by=\"avia_inline_auto\" id=\"style-css-av-2iaxq2-c3e17ad8e2452d1d5cfc41ae160390ae\">\n#top #wrap_all .avia-button.av-2iaxq2-c3e17ad8e2452d1d5cfc41ae160390ae{\nmargin-bottom:5px;\nmargin-right:5px;\n}\n<\/style>\n<a href=\"https:\/\/leukerbad-hotel-alex.ch\/it\/impressum\/\" class=\"avia-button av-2iaxq2-c3e17ad8e2452d1d5cfc41ae160390ae avia-icon_select-no avia-size-large avia-color-theme-color\"><span class='avia_iconbox_title' >Impressum<\/span><\/a>\n<\/div><\/div>\n","protected":false},"excerpt":{"rendered":"","protected":false},"author":5,"featured_media":0,"parent":0,"menu_order":90,"comment_status":"closed","ping_status":"closed","template":"","meta":{"footnotes":""},"class_list":["post-5841","page","type-page","status-publish","hentry"],"publishpress_future_action":{"enabled":false,"date":"2026-04-25 07:25:53","action":"change-status","newStatus":"draft","terms":[],"taxonomy":"translation_priority","extraData":[]},"publishpress_future_workflow_manual_trigger":{"enabledWorkflows":[]},"_links":{"self":[{"href":"https:\/\/leukerbad-hotel-alex.ch\/it\/wp-json\/wp\/v2\/pages\/5841","targetHints":{"allow":["GET"]}}],"collection":[{"href":"https:\/\/leukerbad-hotel-alex.ch\/it\/wp-json\/wp\/v2\/pages"}],"about":[{"href":"https:\/\/leukerbad-hotel-alex.ch\/it\/wp-json\/wp\/v2\/types\/page"}],"author":[{"embeddable":true,"href":"https:\/\/leukerbad-hotel-alex.ch\/it\/wp-json\/wp\/v2\/users\/5"}],"replies":[{"embeddable":true,"href":"https:\/\/leukerbad-hotel-alex.ch\/it\/wp-json\/wp\/v2\/comments?post=5841"}],"version-history":[{"count":0,"href":"https:\/\/leukerbad-hotel-alex.ch\/it\/wp-json\/wp\/v2\/pages\/5841\/revisions"}],"wp:attachment":[{"href":"https:\/\/leukerbad-hotel-alex.ch\/it\/wp-json\/wp\/v2\/media?parent=5841"}],"curies":[{"name":"wp","href":"https:\/\/api.w.org\/{rel}","templated":true}]}}