{"id":5706,"date":"2018-11-18T10:03:45","date_gmt":"2018-11-18T09:03:45","guid":{"rendered":"https:\/\/leukerbad-hotel-alex.ch\/?page_id=5706"},"modified":"2019-09-23T23:29:04","modified_gmt":"2019-09-23T21:29:04","slug":"informazioni-legali","status":"publish","type":"page","link":"https:\/\/leukerbad-hotel-alex.ch\/it\/informazioni-legali\/","title":{"rendered":"Informazioni legali"},"content":{"rendered":"<div id='cb-h1-spacer'  class='avia-section av-2kedru-35c41972092a8d30dbf36218fa9dccba main_color avia-section-default avia-no-shadow  avia-builder-el-0  el_before_av_one_full  avia-builder-el-first  avia-bg-style-scroll container_wrap fullsize'  ><div class='container av-section-cont-open' ><main  role=\"main\" itemprop=\"mainContentOfPage\"  class='template-page content  av-content-full alpha units'><div class='post-entry post-entry-type-page post-entry-5706'><div class='entry-content-wrapper clearfix'>\n\n<style type=\"text\/css\" data-created_by=\"avia_inline_auto\" id=\"style-css-av-nwx4uy-4d0bb533803364373e84e27f9a2cc15a\">\n.flex_column.av-nwx4uy-4d0bb533803364373e84e27f9a2cc15a{\nborder-radius:0px 0px 0px 0px;\npadding:0px 0px 0px 0px;\n}\n<\/style>\n<div  class='flex_column av-nwx4uy-4d0bb533803364373e84e27f9a2cc15a av_two_third  avia-builder-el-1  el_before_av_one_third  avia-builder-el-first  first flex_column_div av-zero-column-padding  '     ><p>\n<style type=\"text\/css\" data-created_by=\"avia_inline_auto\" id=\"style-css-av-mtyj16-1e410da887d45682f548ca605d980e99\">\n#top .hr.av-mtyj16-1e410da887d45682f548ca605d980e99{\nmargin-top:10px;\nmargin-bottom:10px;\n}\n.hr.av-mtyj16-1e410da887d45682f548ca605d980e99 .hr-inner{\nwidth:100%;\nborder-color:#6b6b6b;\n}\n<\/style>\n<div  class='hr av-mtyj16-1e410da887d45682f548ca605d980e99 hr-custom  avia-builder-el-2  el_before_av_heading  avia-builder-el-first  hr-center hr-icon-no'><span class='hr-inner inner-border-av-border-fat'><span class=\"hr-inner-style\"><\/span><\/span><\/div><br \/>\n\n<style type=\"text\/css\" data-created_by=\"avia_inline_auto\" id=\"style-css-av-282hu2-1a954a4961d656dd11f5249c722f0fff\">\n#top .av-special-heading.av-282hu2-1a954a4961d656dd11f5249c722f0fff{\npadding-bottom:0;\n}\nbody .av-special-heading.av-282hu2-1a954a4961d656dd11f5249c722f0fff .av-special-heading-tag .heading-char{\nfont-size:25px;\n}\n.av-special-heading.av-282hu2-1a954a4961d656dd11f5249c722f0fff .av-subheading{\nfont-size:20px;\n}\n<\/style>\n<div  class='av-special-heading av-282hu2-1a954a4961d656dd11f5249c722f0fff av-special-heading-h1 blockquote modern-quote  avia-builder-el-3  el_after_av_hr  avia-builder-el-last '><h1 class='av-special-heading-tag'  itemprop=\"headline\"  >Informazioni legali<\/h1><div class=\"special-heading-border\"><div class=\"special-heading-inner-border\"><\/div><\/div><\/div><\/p><\/div>\n<style type=\"text\/css\" data-created_by=\"avia_inline_auto\" id=\"style-css-av-j8rgre-336eda76cc3140590edabe70e8655eef\">\n.flex_column.av-j8rgre-336eda76cc3140590edabe70e8655eef{\nborder-radius:0px 0px 0px 0px;\npadding:0px 0px 0px 0px;\n}\n<\/style>\n<div  class='flex_column av-j8rgre-336eda76cc3140590edabe70e8655eef av_one_third  avia-builder-el-4  el_after_av_two_third  el_before_av_two_third  flex_column_div av-zero-column-padding  '     ><\/div>\n<style type=\"text\/css\" data-created_by=\"avia_inline_auto\" id=\"style-css-av-axduxm-6a52eb308ddff8eefeb571e261c6c0ef\">\n.flex_column.av-axduxm-6a52eb308ddff8eefeb571e261c6c0ef{\nborder-radius:0px 0px 0px 0px;\npadding:0px 0px 0px 0px;\n}\n<\/style>\n<div  class='flex_column av-axduxm-6a52eb308ddff8eefeb571e261c6c0ef av_two_third  avia-builder-el-5  el_after_av_one_third  el_before_av_one_third  first flex_column_div av-zero-column-padding  column-top-margin'     ><div  class='togglecontainer av-904i4q-9749a24c14cca3a783a580828d60497d  avia-builder-el-6  avia-builder-el-no-sibling ' >\n<section class='av_toggle_section av-7sg56y-fe06ed4d97eeeef7be74f56cfe691f77'  itemscope=\"itemscope\" itemtype=\"https:\/\/schema.org\/CreativeWork\" ><div role=\"tablist\" class=\"single_toggle\" data-tags=\"{Tutto} \"  ><p data-fake-id='#toggle-id-1' class='toggler   '  itemprop=\"headline\"  role='tab' tabindex='0' aria-controls='toggle-id-1'>Responsabilit\u00e0 limitata<span class=\"toggle_icon\"><span class=\"vert_icon\"><\/span><span class=\"hor_icon\"><\/span><\/span><\/p><div id='toggle-id-1' class='toggle_wrap  '  ><div class='toggle_content invers-color '  itemprop=\"text\" ><p>Questo sito \u00e8 stato concepito con la massima accuratezza. Ciononostante il detentore del dominio non \u00e8 in misura di garantire l\u2019esattezza e l\u2019affidabilit\u00e0 delle informazioni fornite da terzi. Il detentore si riserva il diritto di modificare o completare &#8211; in qualunque momento e senza notifica preliminare &#8211; le informazioni messe a disposizione sul sito.<\/p>\n<p>Il detentore del dominio declina qualsiasi responsabilit\u00e0 per danni diretti o indiretti che potrebbero insorgere in relazione con l\u2019accesso, l\u2019utilizzazione, la consultazione di questo sito o con i collegamenti verso altri siti.<\/p>\n<\/div><\/div><\/div><\/section>\n<section class='av_toggle_section av-5x65u2-32394d518ba09e8f532fd04679c2e141'  itemscope=\"itemscope\" itemtype=\"https:\/\/schema.org\/CreativeWork\" ><div role=\"tablist\" class=\"single_toggle\" data-tags=\"{Tutto} \"  ><p data-fake-id='#toggle-id-2' class='toggler   '  itemprop=\"headline\"  role='tab' tabindex='0' aria-controls='toggle-id-2'>Links e hyperlinks<span class=\"toggle_icon\"><span class=\"vert_icon\"><\/span><span class=\"hor_icon\"><\/span><\/span><\/p><div id='toggle-id-2' class='toggle_wrap  '  ><div class='toggle_content invers-color '  itemprop=\"text\" ><p>Chiunque attivi su questo sito dei collegamenti (links e\/o hyperlinks), lascia automaticamente questo sito e si reca su siti esterni a leukerbad-hotel-alex.ch. Il detentore declina qualsiasi responsabilit\u00e0 per i contenuti di tali siti, i prodotti\/servizi e altre prestazioni ivi proposte.<\/p>\n<\/div><\/div><\/div><\/section>\n<section class='av_toggle_section av-br062-e6a7ef25a8b5a23aea27e464bd9e1e7b'  itemscope=\"itemscope\" itemtype=\"https:\/\/schema.org\/CreativeWork\" ><div role=\"tablist\" class=\"single_toggle\" data-tags=\"{Tutto} \"  ><p data-fake-id='#toggle-id-3' class='toggler   '  itemprop=\"headline\"  role='tab' tabindex='0' aria-controls='toggle-id-3'>Copyright<span class=\"toggle_icon\"><span class=\"vert_icon\"><\/span><span class=\"hor_icon\"><\/span><\/span><\/p><div id='toggle-id-3' class='toggle_wrap  '  ><div class='toggle_content invers-color '  itemprop=\"text\" ><p><strong>Tutti i diritti riservati.<\/strong><\/p>\n<p>Il contenuto del sito Internet di leukerbad-hotel-alex.ch \u00e8 protetto dal diritto d\u2019autore (talune pagine possono contenere immagini e testi protetti dal copyright di terzi).<\/p>\n<p>Il contenuto di questo sito pu\u00f2 essere utilizzato solo a scopi privati. \u00c8 fatta salva qualsiasi altra utilizzazione. In particolare, il contenuto di questo non pu\u00f2 essere diffuso a scopi commerciali o non, modificato, messo a disposizione di terzi, copiato su supporti ottici ed elettronici, riprodotto, registrato o utilizzato senza l\u2019autorizzazione scritta del detentore.<\/p>\n<p>La messa a disposizione di questo sito non d\u00e0 adito a nessuna licenza d\u2019utilizzazione della propriet\u00e0 intellettuale del detentore o di terzi.<\/p>\n<p><strong>Marchi<\/strong><\/p>\n<p>Salvo specifiche contrarie, tutti i marchi riprodotti su questo sito sono protetti dal diritto dei marchi. Ci\u00f2 vale in particolare per i marchi del detentore, marchi aziendali e qualsiasi tipo di simbolo. Tutti i diritti riservati.<\/p>\n<\/div><\/div><\/div><\/section>\n<\/div><\/div>\n<style type=\"text\/css\" data-created_by=\"avia_inline_auto\" id=\"style-css-av-j8rgre-336eda76cc3140590edabe70e8655eef\">\n.flex_column.av-j8rgre-336eda76cc3140590edabe70e8655eef{\nborder-radius:0px 0px 0px 0px;\npadding:0px 0px 0px 0px;\n}\n<\/style>\n<div  class='flex_column av-j8rgre-336eda76cc3140590edabe70e8655eef av_one_third  avia-builder-el-7  el_after_av_two_third  avia-builder-el-last  flex_column_div av-zero-column-padding  column-top-margin'     ><\/div>\n<\/div><\/div><\/main><!-- close content main element --><\/div><\/div><div id='after_section_1'  class='main_color av_default_container_wrap container_wrap fullsize'  ><div class='container av-section-cont-open' ><div class='template-page content  av-content-full alpha units'><div class='post-entry post-entry-type-page post-entry-5706'><div class='entry-content-wrapper clearfix'>\n\n<style type=\"text\/css\" data-created_by=\"avia_inline_auto\" id=\"style-css-av-265woc-ad28d89b7dfb69d7f3d8e21f6441a689\">\n.flex_column.av-265woc-ad28d89b7dfb69d7f3d8e21f6441a689{\nborder-radius:0px 0px 0px 0px;\npadding:0px 0px 0px 0px;\n}\n<\/style>\n<div  class='flex_column av-265woc-ad28d89b7dfb69d7f3d8e21f6441a689 av_one_full  avia-builder-el-8  el_after_av_section  avia-builder-el-no-sibling  first flex_column_div av-zero-column-padding  '     ><div  class='avia-buttonrow-wrap av-jomm6s8w-530a1054741e76b52071f49a4a4132e2 avia-buttonrow-left  avia-builder-el-9  avia-builder-el-no-sibling '>\n\n<style type=\"text\/css\" data-created_by=\"avia_inline_auto\" id=\"style-css-av-44gk3e-12ab05d3d4283368b250f5aa677d0664\">\n#top #wrap_all .avia-button.av-44gk3e-12ab05d3d4283368b250f5aa677d0664{\nmargin-bottom:5px;\nmargin-right:5px;\n}\n<\/style>\n<a href='https:\/\/leukerbad-hotel-alex.ch\/it\/dichiarazione-sulla-privacy\/'  class='avia-button av-44gk3e-12ab05d3d4283368b250f5aa677d0664 avia-icon_select-no avia-size-large avia-color-theme-color'  ><span class='avia_iconbox_title' >Dichhiarazione sulla privacy<\/span><\/a>\n\n<style type=\"text\/css\" data-created_by=\"avia_inline_auto\" id=\"style-css-av-2iaxq2-c3e17ad8e2452d1d5cfc41ae160390ae\">\n#top #wrap_all .avia-button.av-2iaxq2-c3e17ad8e2452d1d5cfc41ae160390ae{\nmargin-bottom:5px;\nmargin-right:5px;\n}\n<\/style>\n<a href='https:\/\/leukerbad-hotel-alex.ch\/it\/impressum\/'  class='avia-button av-2iaxq2-c3e17ad8e2452d1d5cfc41ae160390ae avia-icon_select-no avia-size-large avia-color-theme-color'  ><span class='avia_iconbox_title' >Impressum<\/span><\/a>\n<\/div><\/div>\n","protected":false},"excerpt":{"rendered":"","protected":false},"author":5,"featured_media":0,"parent":0,"menu_order":101,"comment_status":"closed","ping_status":"closed","template":"","meta":{"footnotes":""},"class_list":["post-5706","page","type-page","status-publish","hentry"],"publishpress_future_action":{"enabled":false,"date":"2026-04-25 07:24:55","action":"change-status","newStatus":"draft","terms":[],"taxonomy":"translation_priority","extraData":[]},"publishpress_future_workflow_manual_trigger":{"enabledWorkflows":[]},"_links":{"self":[{"href":"https:\/\/leukerbad-hotel-alex.ch\/it\/wp-json\/wp\/v2\/pages\/5706","targetHints":{"allow":["GET"]}}],"collection":[{"href":"https:\/\/leukerbad-hotel-alex.ch\/it\/wp-json\/wp\/v2\/pages"}],"about":[{"href":"https:\/\/leukerbad-hotel-alex.ch\/it\/wp-json\/wp\/v2\/types\/page"}],"author":[{"embeddable":true,"href":"https:\/\/leukerbad-hotel-alex.ch\/it\/wp-json\/wp\/v2\/users\/5"}],"replies":[{"embeddable":true,"href":"https:\/\/leukerbad-hotel-alex.ch\/it\/wp-json\/wp\/v2\/comments?post=5706"}],"version-history":[{"count":0,"href":"https:\/\/leukerbad-hotel-alex.ch\/it\/wp-json\/wp\/v2\/pages\/5706\/revisions"}],"wp:attachment":[{"href":"https:\/\/leukerbad-hotel-alex.ch\/it\/wp-json\/wp\/v2\/media?parent=5706"}],"curies":[{"name":"wp","href":"https:\/\/api.w.org\/{rel}","templated":true}]}}