{"id":5834,"date":"2018-11-18T09:57:29","date_gmt":"2018-11-18T08:57:29","guid":{"rendered":"https:\/\/leukerbad-hotel-alex.ch\/?page_id=5834"},"modified":"2019-09-23T23:29:02","modified_gmt":"2019-09-23T21:29:02","slug":"declaration-de-confidentialite","status":"publish","type":"page","link":"https:\/\/leukerbad-hotel-alex.ch\/fr\/declaration-de-confidentialite\/","title":{"rendered":"D\u00e9claration de confidentialit\u00e9"},"content":{"rendered":"<div id='cb-h1-spacer'  class='avia-section av-pbx2qk-2e99acf1843d24183fcaa432aca0b5bd main_color avia-section-default avia-no-shadow  avia-builder-el-0  avia-builder-el-no-sibling  avia-bg-style-scroll container_wrap fullsize'  ><div class='container av-section-cont-open' ><main  role=\"main\" itemprop=\"mainContentOfPage\"  class='template-page content  av-content-full alpha units'><div class='post-entry post-entry-type-page post-entry-5834'><div class='entry-content-wrapper clearfix'>\n\n<style type=\"text\/css\" data-created_by=\"avia_inline_auto\" id=\"style-css-av-nluf7g-70225f20b539041756211d12594c4dc4\">\n.flex_column.av-nluf7g-70225f20b539041756211d12594c4dc4{\nborder-radius:0px 0px 0px 0px;\npadding:0px 0px 0px 0px;\n}\n<\/style>\n<div  class='flex_column av-nluf7g-70225f20b539041756211d12594c4dc4 av_two_third  avia-builder-el-1  el_before_av_one_third  avia-builder-el-first  first flex_column_div av-zero-column-padding  '     ><p>\n<style type=\"text\/css\" data-created_by=\"avia_inline_auto\" id=\"style-css-av-lzv8bg-c3a774a79e1c76b89587674840c6a668\">\n#top .hr.av-lzv8bg-c3a774a79e1c76b89587674840c6a668{\nmargin-top:10px;\nmargin-bottom:10px;\n}\n.hr.av-lzv8bg-c3a774a79e1c76b89587674840c6a668 .hr-inner{\nwidth:100%;\nborder-color:#6b6b6b;\n}\n<\/style>\n<div  class='hr av-lzv8bg-c3a774a79e1c76b89587674840c6a668 hr-custom  avia-builder-el-2  el_before_av_heading  avia-builder-el-first  hr-center hr-icon-no'><span class='hr-inner inner-border-av-border-fat'><span class=\"hr-inner-style\"><\/span><\/span><\/div><br \/>\n\n<style type=\"text\/css\" data-created_by=\"avia_inline_auto\" id=\"style-css-av-av_heading-65cd04c00b5b2e9829017ea966e757f4\">\n#top .av-special-heading.av-av_heading-65cd04c00b5b2e9829017ea966e757f4{\npadding-bottom:20px;\n}\nbody .av-special-heading.av-av_heading-65cd04c00b5b2e9829017ea966e757f4 .av-special-heading-tag .heading-char{\nfont-size:25px;\n}\n.av-special-heading.av-av_heading-65cd04c00b5b2e9829017ea966e757f4 .av-subheading{\nfont-size:20px;\n}\n<\/style>\n<div  class='av-special-heading av-av_heading-65cd04c00b5b2e9829017ea966e757f4 av-special-heading-h1 blockquote modern-quote  avia-builder-el-3  el_after_av_hr  avia-builder-el-last '><h1 class='av-special-heading-tag'  itemprop=\"headline\"  >D\u00e9claration de confidentialit\u00e9<\/h1><div class=\"special-heading-border\"><div class=\"special-heading-inner-border\"><\/div><\/div><\/div><\/p><\/div>\n<style type=\"text\/css\" data-created_by=\"avia_inline_auto\" id=\"style-css-av-4ljhf0-a5decadad30c088aad2d664767c73fd2\">\n.flex_column.av-4ljhf0-a5decadad30c088aad2d664767c73fd2{\nborder-radius:0px 0px 0px 0px;\npadding:0px 0px 0px 0px;\n}\n<\/style>\n<div  class='flex_column av-4ljhf0-a5decadad30c088aad2d664767c73fd2 av_one_third  avia-builder-el-4  el_after_av_two_third  el_before_av_two_third  flex_column_div av-zero-column-padding  '     ><\/div>\n<style type=\"text\/css\" data-created_by=\"avia_inline_auto\" id=\"style-css-av-ilvar0-31ab2f5180909d1454442f58fc6db289\">\n.flex_column.av-ilvar0-31ab2f5180909d1454442f58fc6db289{\nborder-radius:0px 0px 0px 0px;\npadding:0px 0px 0px 0px;\n}\n<\/style>\n<div  class='flex_column av-ilvar0-31ab2f5180909d1454442f58fc6db289 av_two_third  avia-builder-el-5  el_after_av_one_third  el_before_av_one_third  first flex_column_div av-zero-column-padding  column-top-margin'     ><div  class='togglecontainer av-8lz6zw-e7e76f61b87cc705b6d117338d827e80  avia-builder-el-6  avia-builder-el-no-sibling ' >\n<section class='av_toggle_section av-av_toggle-179cd6df46d1b4ce1ff00bbb47ec7979'  itemscope=\"itemscope\" itemtype=\"https:\/\/schema.org\/CreativeWork\" ><div role=\"tablist\" class=\"single_toggle\" data-tags=\"{Tout} \"  ><p data-fake-id='#toggle-id-1' class='toggler   '  itemprop=\"headline\"  role='tab' tabindex='0' aria-controls='toggle-id-1'>A. Informations sur la collecte de donn\u00e9es \u00e0 caract\u00e8re personnel<span class=\"toggle_icon\"><span class=\"vert_icon\"><\/span><span class=\"hor_icon\"><\/span><\/span><\/p><div id='toggle-id-1' class='toggle_wrap  '  ><div class='toggle_content invers-color '  itemprop=\"text\" ><p><strong>1. Champ d&rsquo;application<\/strong><\/p>\n<p>Cette d\u00e9claration s&rsquo;applique aux pages Internet qui peuvent \u00eatre consult\u00e9es sur https:\/\/leukerbad-hotel-alex.ch . Veuillez noter que https:\/\/leukerbad-hotel-alex.ch peut renvoyer \u00e0 d&rsquo;autres sites Web pour lesquels des r\u00e8gles de protection des donn\u00e9es diff\u00e9rentes peuvent s&rsquo;appliquer.<\/p>\n<p><strong>2. Responsable<\/strong><\/p>\n<p>Luciano Gentinetta<br \/>\nH\u00f4tel Alex<br \/>\nRingstrasse 332<br \/>\n3954 Lo\u00e8che-les-Bains<br \/>\n+41 27 472 22 22<br \/>\ninfo@hotel-alex.ch<\/p>\n<p><strong>3. La dur\u00e9e d&rsquo;effacement et de stockage<\/strong><\/p>\n<p>Les donn\u00e9es personnelles de la personne concern\u00e9e seront effac\u00e9es ou bloqu\u00e9es d\u00e8s que la finalit\u00e9 de la conservation ne s&rsquo;appliquera plus. Le stockage peut \u00e9galement avoir lieu si cela est pr\u00e9vu par la loi. Les donn\u00e9es sont \u00e9galement bloqu\u00e9es ou effac\u00e9es \u00e0 l&rsquo;expiration d&rsquo;un d\u00e9lai de conservation l\u00e9gal, sauf si cela est n\u00e9cessaire pour la conservation ult\u00e9rieure des donn\u00e9es en vue de la conclusion d&rsquo;un contrat ou de l&rsquo;ex\u00e9cution d&rsquo;un contrat.<\/p>\n<p><strong>4. L&rsquo;implication des prestataires de services et l&rsquo;utilisation des donn\u00e9es personnelles \u00e0 des fins publicitaires<\/strong><\/p>\n<p>Si nous souhaitons faire appel \u00e0 des prestataires de services sous contrat pour certaines fonctions de notre offre ou utiliser vos donn\u00e9es \u00e0 des fins publicitaires, nous vous informerons ci-dessous en d\u00e9tail sur les processus respectifs. Nous sp\u00e9cifions \u00e9galement les crit\u00e8res fixes pour la p\u00e9riode de stockage.<\/p>\n<\/div><\/div><\/div><\/section>\n<section class='av_toggle_section av-5dqkqy-64ec47179cef08a7d1e670fd77922df3'  itemscope=\"itemscope\" itemtype=\"https:\/\/schema.org\/CreativeWork\" ><div role=\"tablist\" class=\"single_toggle\" data-tags=\"{Tout} \"  ><p data-fake-id='#toggle-id-2' class='toggler   '  itemprop=\"headline\"  role='tab' tabindex='0' aria-controls='toggle-id-2'>B. Traitement des donn\u00e9es<span class=\"toggle_icon\"><span class=\"vert_icon\"><\/span><span class=\"hor_icon\"><\/span><\/span><\/p><div id='toggle-id-2' class='toggle_wrap  '  ><div class='toggle_content invers-color '  itemprop=\"text\" ><p><strong>1. Traitement g\u00e9n\u00e9ral des donn\u00e9es lors de la visite de notre site web<\/strong><\/p>\n<p>Si vous n&rsquo;utilisez le site Web qu&rsquo;\u00e0 des fins d&rsquo;information, c&rsquo;est-\u00e0-dire si vous ne nous fournissez aucune autre information, nous ne recueillons que les donn\u00e9es personnelles que votre navigateur transmet \u00e0 notre serveur. Lorsque ces donn\u00e9es sont stock\u00e9es, elles ne sont pas affect\u00e9es \u00e0 une personne sp\u00e9cifique. Lorsque vous consultez notre site Web, nous recueillons les donn\u00e9es suivantes, qui sont techniquement n\u00e9cessaires pour vous pr\u00e9senter notre site Web et pour assurer la stabilit\u00e9 et la s\u00e9curit\u00e9 :<\/p>\n<ul>\n<li>adresse IP<\/li>\n<li>Date et heure de la demande<\/li>\n<li>Fuseau horaire par rapport \u00e0 l&rsquo;heure de Greenwich (GMT) Fuseau horaire<\/li>\n<li>Contenu de la demande (page concr\u00e8te)<\/li>\n<li>Code d&rsquo;\u00e9tat de l&rsquo;acc\u00e8s\/de l&rsquo;\u00e9tat HTTP<\/li>\n<li>Quantit\u00e9 de donn\u00e9es transf\u00e9r\u00e9es dans chaque cas<\/li>\n<li>Page Web d&rsquo;o\u00f9 provient la demande<\/li>\n<li>Navigateur (y compris la langue et la version)<\/li>\n<li>Syst\u00e8me d&rsquo;exploitation et version du logiciel de navigation.<\/li>\n<\/ul>\n<p><strong>2. Contact par email<\/strong><\/p>\n<p>Lorsque vous nous contactez par e-mail, nous enregistrons les donn\u00e9es que vous nous fournissez (votre adresse e-mail, votre nom et votre num\u00e9ro de t\u00e9l\u00e9phone le cas \u00e9ch\u00e9ant) afin de prendre rendez-vous ou de r\u00e9pondre \u00e0 vos questions. Nous effa\u00e7ons les donn\u00e9es qui en d\u00e9coulent apr\u00e8s que le stockage n&rsquo;est plus n\u00e9cessaire ou limitons le traitement si des obligations l\u00e9gales de stockage existent.<\/p>\n<p><strong>3. Cookies<\/strong><\/p>\n<p>En plus des donn\u00e9es susmentionn\u00e9es, des cookies sont stock\u00e9s sur votre ordinateur lorsque vous utilisez notre site Web. Les cookies sont de petits fichiers texte qui sont stock\u00e9s sur votre disque dur et qui sont affect\u00e9s au navigateur que vous utilisez et \u00e0 travers lesquels certaines informations sont transmises \u00e0 l&#8217;emplacement qui a plac\u00e9 le cookie (ici par nous). Les cookies ne peuvent pas ex\u00e9cuter de programmes ou transmettre des virus \u00e0 votre ordinateur. Ils servent \u00e0 rendre le site Web plus convivial et plus efficace.<\/p>\n<p>Notre site Web utilise les types de cookies suivants, dont la port\u00e9e et la fonction sont expliqu\u00e9es ci-dessous :<\/p>\n<ul>\n<li>Cookies transitoires (voir ci-dessous 3.1)<\/li>\n<li>Cookies persistants (voir 3.2 ci-dessous).<\/li>\n<\/ul>\n<p>3.1 T\u00e9moins transitoires<\/p>\n<p>Les cookies transitoires sont automatiquement supprim\u00e9s lorsque vous fermez votre navigateur. Il s&rsquo;agit notamment des cookies de session. Ils stockent un identifiant de session, qui peut \u00eatre utilis\u00e9 pour affecter diverses requ\u00eates de votre navigateur \u00e0 la session partag\u00e9e. Cela permet \u00e0 votre ordinateur d&rsquo;\u00eatre reconnu lorsque vous revenez sur notre site Web. Les cookies de session sont supprim\u00e9s lorsque vous vous d\u00e9connectez ou fermez votre navigateur.<\/p>\n<p>3.2 T\u00e9moins persistants<\/p>\n<p>Les cookies persistants sont automatiquement supprim\u00e9s apr\u00e8s une p\u00e9riode sp\u00e9cifi\u00e9e, qui peut varier en fonction du cookie. Vous pouvez supprimer les cookies \u00e0 tout moment dans les param\u00e8tres de s\u00e9curit\u00e9 de votre navigateur.<\/p>\n<p>3.3 R\u00e9glage des cookies<\/p>\n<p>Vous pouvez configurer les param\u00e8tres de votre navigateur en fonction de vos souhaits et, par exemple, refuser l&rsquo;acceptation de cookies tiers ou de tous les cookies. Nous attirons votre attention sur le fait que vous ne pourrez peut-\u00eatre pas utiliser toutes les fonctions de ce site Web.<\/p>\n<p><strong>4. Seekda<\/strong><\/p>\n<p>Afin de traiter votre r\u00e9servation ou demande de r\u00e9servation, il nous est n\u00e9cessaire de stocker et de traiter les donn\u00e9es que vous nous avez fournies. Pour ce faire, nous utilisons le syst\u00e8me de r\u00e9servation et d&rsquo;administration Seekda. Le fournisseur est Kognitiv (Seekda GmbH), Neubaugasse 10\/15, 1070 Vienne.<\/p>\n<p>Vous trouverez plus d&rsquo;informations sur le traitement des donn\u00e9es utilisateur dans l<a href=\"https:\/\/seekda.com\/en\/data-privacy-statement\/\" target=\"_blank\" rel=\"noopener noreferrer\">a politique de confidentialit\u00e9 de Kognitiv<\/a>.<\/p>\n<p><strong>5. Google Fonts<\/strong><\/p>\n<p>Ce site Web utilise Google Fonts, un service fourni par Google Inc, 1600 Amphitheatre Parkway, Mountain View, CA 94043, USA.<\/p>\n<p>En utilisant ces liens, l&rsquo;information est transf\u00e9r\u00e9e \u00e0 un serveur Google. En utilisant ce site Web, vous consentez au traitement des donn\u00e9es vous concernant par Google.<\/p>\n<p>Vous trouverez de plus amples informations sur le traitement des donn\u00e9es d&rsquo;utilisateur dans <a href=\"https:\/\/policies.google.com\/privacy?hl=fr\" target=\"_blank\" rel=\"noopener noreferrer\">la politique de confidentialit\u00e9 de Google<\/a>.<\/p>\n<p><strong>6. Google Maps<\/strong><\/p>\n<p>Ce site Web utilise Google Maps, un service fourni par Google Inc, 1600 Amphitheatre Parkway, Mountain View, CA 94043, USA.<\/p>\n<p>En utilisant ces liens, l&rsquo;information est transf\u00e9r\u00e9e \u00e0 un serveur Google. En utilisant ce site Web, vous consentez au traitement des donn\u00e9es vous concernant par Google.<\/p>\n<p>Vous trouverez de plus amples informations sur le traitement des donn\u00e9es d&rsquo;utilisateur dans <a href=\"https:\/\/policies.google.com\/privacy?hl=fr\" target=\"_blank\" rel=\"noopener noreferrer\">la politique de confidentialit\u00e9 de Google<\/a>.<\/p>\n<p><strong>7. Google Analytics<br \/>\n<\/strong><\/p>\n<p>Ce site Web utilise Google Analytics, un service d&rsquo;analyse Web fourni par Google Inc, 1600 Amphitheatre Parkway, Mountain View, CA 94043, USA.<\/p>\n<p>En utilisant ces liens, l&rsquo;information est transf\u00e9r\u00e9e \u00e0 un serveur Google. En utilisant ce site Web, vous consentez au traitement des donn\u00e9es vous concernant par Google.<\/p>\n<p>Vous trouverez de plus amples informations sur le traitement des donn\u00e9es d&rsquo;utilisateur dans <a href=\"https:\/\/policies.google.com\/privacy?hl=fr\" target=\"_blank\" rel=\"noopener noreferrer\">la politique de confidentialit\u00e9 de Google<\/a>.<\/p>\n<p><strong>8. YouTube<\/strong><\/p>\n<p>Sur ce site Web, vous trouverez un ou plusieurs liens vers YouTube. Le fournisseur de ce service est Google Inc, 1600 Amphitheatre Parkway, Mountain View, CA 94043, USA.<\/p>\n<p>En utilisant ces liens, des informations sont transmises \u00e0 un serveur Google. En utilisant ce site Web, vous consentez au traitement des donn\u00e9es vous concernant par Google.<\/p>\n<p>Vous trouverez de plus amples informations sur le traitement des donn\u00e9es d&rsquo;utilisateur dans <a href=\"https:\/\/policies.google.com\/privacy?hl=fr\" target=\"_blank\" rel=\"noopener noreferrer\">la politique de confidentialit\u00e9 de Google<\/a>.<\/p>\n<p><strong>9. Facebook<\/strong><\/p>\n<p>Sur ce site, vous trouverez un ou plusieurs liens vers Facebook. Le fournisseur de ce service est Facebook Inc, 1601 Willow Road, Menlo Park, Ca 94025, USA.<\/p>\n<p>En utilisant ces liens, l&rsquo;information est transf\u00e9r\u00e9e \u00e0 un serveur Facebook. En utilisant ce site Web, vous consentez \u00e0 ce que Facebook traite les renseignements recueillis \u00e0 votre sujet.<\/p>\n<p>Vous trouverez de plus amples informations sur le traitement des donn\u00e9es d&rsquo;utilisateur dans <a href=\"https:\/\/fr-fr.facebook.com\/policy.php\" target=\"_blank\" rel=\"noopener noreferrer\">la politique de confidentialit\u00e9 de Facebook<\/a> .<\/p>\n<p><strong>10. HolidayCheck<\/strong><\/p>\n<p>Sur ce site vous trouverez un ou plusieurs liens vers HolidayCheck. Le fournisseur de ce service est HolidayCheck AG, Bahnweg 8, CH-8598 Bottighofen, Suisse.<\/p>\n<p>En utilisant ces liens, les informations sont transf\u00e9r\u00e9es \u00e0 un serveur HolidayCheck. En utilisant ce site Web, vous consentez \u00e0 ce que HolidayCheck traite les informations recueillies \u00e0 votre sujet.<\/p>\n<p>Vous trouverez plus d&rsquo;informations sur le traitement des donn\u00e9es utilisateur dans <a href=\"https:\/\/www.holidaycheck.de\/datenschutz\" target=\"_blank\" rel=\"noopener noreferrer\">la politique de confidentialit\u00e9 de HolidayCheck<\/a>.<\/p>\n<p><strong>11. Tripadvisor<\/strong><\/p>\n<p>Sur ce site vous trouverez un ou plusieurs liens vers TripAdvisor. Le fournisseur de ce service est TripAdvisor Inc, 141 Needham Street, Newton, MA 02464, USA.<\/p>\n<p>En utilisant ces liens, l&rsquo;information est transf\u00e9r\u00e9e \u00e0 un serveur Tripadvisor. En utilisant ce site Web, vous consentez \u00e0 ce que TripAdvisor traite les informations recueillies \u00e0 votre sujet.<\/p>\n<p>Vous trouverez plus d&rsquo;informations sur la gestion des donn\u00e9es des utilisateurs dans <a href=\"https:\/\/tripadvisor.mediaroom.com\/us-privacy-policy\" target=\"_blank\" rel=\"noopener noreferrer\">la politique de confidentialit\u00e9 de TripAdvisor<\/a>.<\/p>\n<p><strong>12. Customer Alliance<\/strong><\/p>\n<p>Sur ce site, vous trouverez un ou plusieurs liens vers Customer Alliance. Le prestataire de ce service est la Customer Alliance GmbH Ullsteinstra\u00dfe 118, Turm B, 12109 Berlin.<\/p>\n<p>En utilisant ces liens, l&rsquo;information est transf\u00e9r\u00e9e \u00e0 un serveur de Customer Alliance. En utilisant ce site Web, vous consentez \u00e0 ce que Customer Alliance traite les renseignements recueillis \u00e0 votre sujet.<\/p>\n<p>Vous trouverez plus d&rsquo;informations sur le traitement des donn\u00e9es utilisateur dans <a href=\"https:\/\/www.customer-alliance.com\/en\/privacy-policy\/\" target=\"_blank\" rel=\"noopener noreferrer\">la politique de confidentialit\u00e9 de Customer Alliance<\/a>.<\/p>\n<\/div><\/div><\/div><\/section>\n<section class='av_toggle_section av-4umcii-c85187e3b0ef789952fc7d710f5f8291'  itemscope=\"itemscope\" itemtype=\"https:\/\/schema.org\/CreativeWork\" ><div role=\"tablist\" class=\"single_toggle\" data-tags=\"{Tout} \"  ><p data-fake-id='#toggle-id-3' class='toggler   '  itemprop=\"headline\"  role='tab' tabindex='0' aria-controls='toggle-id-3'>C. Vos droits<span class=\"toggle_icon\"><span class=\"vert_icon\"><\/span><span class=\"hor_icon\"><\/span><\/span><\/p><div id='toggle-id-3' class='toggle_wrap  '  ><div class='toggle_content invers-color '  itemprop=\"text\" ><p>Vous avez le droit de r\u00e9voquer \u00e0 tout moment votre consentement \u00e0 l&rsquo;utilisation de vos donn\u00e9es personnelles et de recevoir des informations sur toutes vos donn\u00e9es personnelles que nous enregistrons, de les v\u00e9rifier, de les corriger si n\u00e9cessaire, de les bloquer ou de les faire supprimer. Veuillez contacter le bureau responsable (voir coordonn\u00e9es ci-dessus).<\/p>\n<p>Une suppression ne peut avoir lieu que si nous sommes l\u00e9galement tenus de conserver vos donn\u00e9es personnelles. Dans ce cas, les donn\u00e9es seront bloqu\u00e9es.<\/p>\n<\/div><\/div><\/div><\/section>\n<section class='av_toggle_section av-2cre6i-69621c558063e50ece399b0a32f49b90'  itemscope=\"itemscope\" itemtype=\"https:\/\/schema.org\/CreativeWork\" ><div role=\"tablist\" class=\"single_toggle\" data-tags=\"{Tout} \"  ><p data-fake-id='#toggle-id-4' class='toggler   '  itemprop=\"headline\"  role='tab' tabindex='0' aria-controls='toggle-id-4'>D. Susceptible de changer<span class=\"toggle_icon\"><span class=\"vert_icon\"><\/span><span class=\"hor_icon\"><\/span><\/span><\/p><div id='toggle-id-4' class='toggle_wrap  '  ><div class='toggle_content invers-color '  itemprop=\"text\" ><p>Nous nous r\u00e9servons le droit de modifier cette d\u00e9claration \u00e0 tout moment. Il n&rsquo;\u00e9tablit aucun droit contractuel.<\/p>\n<p><strong>\u00c9tat : Novembre 2018<\/strong><\/p>\n<\/div><\/div><\/div><\/section>\n<\/div><\/div>\n<style type=\"text\/css\" data-created_by=\"avia_inline_auto\" id=\"style-css-av-265woc-6eff5c5f898ade58d40917ad40e83087\">\n.flex_column.av-265woc-6eff5c5f898ade58d40917ad40e83087{\nborder-radius:0px 0px 0px 0px;\npadding:0px 0px 0px 0px;\n}\n<\/style>\n<div  class='flex_column av-265woc-6eff5c5f898ade58d40917ad40e83087 av_one_third  avia-builder-el-7  el_after_av_two_third  el_before_av_one_full  flex_column_div av-zero-column-padding  column-top-margin'     ><\/div>\n<style type=\"text\/css\" data-created_by=\"avia_inline_auto\" id=\"style-css-av-265woc-ad28d89b7dfb69d7f3d8e21f6441a689\">\n.flex_column.av-265woc-ad28d89b7dfb69d7f3d8e21f6441a689{\nborder-radius:0px 0px 0px 0px;\npadding:0px 0px 0px 0px;\n}\n<\/style>\n<div  class='flex_column av-265woc-ad28d89b7dfb69d7f3d8e21f6441a689 av_one_full  avia-builder-el-8  el_after_av_one_third  avia-builder-el-last  first flex_column_div av-zero-column-padding  column-top-margin'     ><div  class='avia-buttonrow-wrap av-jomm6s8w-530a1054741e76b52071f49a4a4132e2 avia-buttonrow-left  avia-builder-el-9  avia-builder-el-no-sibling '>\n\n<style type=\"text\/css\" data-created_by=\"avia_inline_auto\" id=\"style-css-av-5cpx7d-629bd0983a1daee3d774fdaafe2e24b1\">\n#top #wrap_all .avia-button.av-5cpx7d-629bd0983a1daee3d774fdaafe2e24b1{\nmargin-bottom:5px;\nmargin-right:5px;\n}\n<\/style>\n<a href=\"https:\/\/leukerbad-hotel-alex.ch\/fr\/mentions-legales\/\" class=\"avia-button av-5cpx7d-629bd0983a1daee3d774fdaafe2e24b1 avia-icon_select-no avia-size-large avia-color-theme-color\"><span class='avia_iconbox_title' >Mentions l\u00e9gales<\/span><\/a>\n\n<style type=\"text\/css\" data-created_by=\"avia_inline_auto\" id=\"style-css-av-2vvmbd-7c81bcbda1169ec1cef7efc5e98994f0\">\n#top #wrap_all .avia-button.av-2vvmbd-7c81bcbda1169ec1cef7efc5e98994f0{\nmargin-bottom:5px;\nmargin-right:5px;\n}\n<\/style>\n<a href=\"https:\/\/leukerbad-hotel-alex.ch\/fr\/impressum\/\" class=\"avia-button av-2vvmbd-7c81bcbda1169ec1cef7efc5e98994f0 avia-icon_select-no avia-size-large avia-color-theme-color\"><span class='avia_iconbox_title' >Impressum<\/span><\/a>\n<\/div><\/div>\n","protected":false},"excerpt":{"rendered":"","protected":false},"author":5,"featured_media":0,"parent":0,"menu_order":90,"comment_status":"closed","ping_status":"closed","template":"","meta":{"footnotes":""},"class_list":["post-5834","page","type-page","status-publish","hentry"],"publishpress_future_action":{"enabled":false,"date":"2026-04-25 05:59:16","action":"change-status","newStatus":"draft","terms":[],"taxonomy":"translation_priority","extraData":[]},"publishpress_future_workflow_manual_trigger":{"enabledWorkflows":[]},"_links":{"self":[{"href":"https:\/\/leukerbad-hotel-alex.ch\/fr\/wp-json\/wp\/v2\/pages\/5834","targetHints":{"allow":["GET"]}}],"collection":[{"href":"https:\/\/leukerbad-hotel-alex.ch\/fr\/wp-json\/wp\/v2\/pages"}],"about":[{"href":"https:\/\/leukerbad-hotel-alex.ch\/fr\/wp-json\/wp\/v2\/types\/page"}],"author":[{"embeddable":true,"href":"https:\/\/leukerbad-hotel-alex.ch\/fr\/wp-json\/wp\/v2\/users\/5"}],"replies":[{"embeddable":true,"href":"https:\/\/leukerbad-hotel-alex.ch\/fr\/wp-json\/wp\/v2\/comments?post=5834"}],"version-history":[{"count":0,"href":"https:\/\/leukerbad-hotel-alex.ch\/fr\/wp-json\/wp\/v2\/pages\/5834\/revisions"}],"wp:attachment":[{"href":"https:\/\/leukerbad-hotel-alex.ch\/fr\/wp-json\/wp\/v2\/media?parent=5834"}],"curies":[{"name":"wp","href":"https:\/\/api.w.org\/{rel}","templated":true}]}}