{"id":5705,"date":"2018-11-18T10:04:04","date_gmt":"2018-11-18T09:04:04","guid":{"rendered":"https:\/\/leukerbad-hotel-alex.ch\/?page_id=5705"},"modified":"2019-09-23T23:29:05","modified_gmt":"2019-09-23T21:29:05","slug":"mentions-legales","status":"publish","type":"page","link":"https:\/\/leukerbad-hotel-alex.ch\/fr\/mentions-legales\/","title":{"rendered":"Mentions l\u00e9gales"},"content":{"rendered":"<div id='cb-h1-spacer'  class='avia-section av-qga3mx-592396104058c6b2ee9867cb92ec0435 main_color avia-section-default avia-no-shadow  avia-builder-el-0  avia-builder-el-no-sibling  avia-bg-style-scroll container_wrap fullsize'  ><div class='container av-section-cont-open' ><main  role=\"main\" itemprop=\"mainContentOfPage\"  class='template-page content  av-content-full alpha units'><div class='post-entry post-entry-type-page post-entry-5705'><div class='entry-content-wrapper clearfix'>\n\n<style type=\"text\/css\" data-created_by=\"avia_inline_auto\" id=\"style-css-av-nllwd5-6b9772f1b9671bf1b29b53b597b0c108\">\n.flex_column.av-nllwd5-6b9772f1b9671bf1b29b53b597b0c108{\nborder-radius:0px 0px 0px 0px;\npadding:0px 0px 0px 0px;\n}\n<\/style>\n<div  class='flex_column av-nllwd5-6b9772f1b9671bf1b29b53b597b0c108 av_two_third  avia-builder-el-1  el_before_av_one_third  avia-builder-el-first  first flex_column_div av-zero-column-padding  '     ><p>\n<style type=\"text\/css\" data-created_by=\"avia_inline_auto\" id=\"style-css-av-mprf7t-6d229a1efba8c3a05bb179a718eeb572\">\n#top .hr.av-mprf7t-6d229a1efba8c3a05bb179a718eeb572{\nmargin-top:10px;\nmargin-bottom:10px;\n}\n.hr.av-mprf7t-6d229a1efba8c3a05bb179a718eeb572 .hr-inner{\nwidth:100%;\nborder-color:#6b6b6b;\n}\n<\/style>\n<div  class='hr av-mprf7t-6d229a1efba8c3a05bb179a718eeb572 hr-custom  avia-builder-el-2  el_before_av_heading  avia-builder-el-first  hr-center hr-icon-no'><span class='hr-inner inner-border-av-border-fat'><span class=\"hr-inner-style\"><\/span><\/span><\/div><br \/>\n\n<style type=\"text\/css\" data-created_by=\"avia_inline_auto\" id=\"style-css-av-av_heading-c30d696cf959f4dc2203efc8d291e041\">\n#top .av-special-heading.av-av_heading-c30d696cf959f4dc2203efc8d291e041{\npadding-bottom:0;\n}\nbody .av-special-heading.av-av_heading-c30d696cf959f4dc2203efc8d291e041 .av-special-heading-tag .heading-char{\nfont-size:25px;\n}\n.av-special-heading.av-av_heading-c30d696cf959f4dc2203efc8d291e041 .av-subheading{\nfont-size:20px;\n}\n<\/style>\n<div  class='av-special-heading av-av_heading-c30d696cf959f4dc2203efc8d291e041 av-special-heading-h1 blockquote modern-quote  avia-builder-el-3  el_after_av_hr  avia-builder-el-last '><h1 class='av-special-heading-tag'  itemprop=\"headline\"  >Mentions l\u00e9gales<\/h1><div class=\"special-heading-border\"><div class=\"special-heading-inner-border\"><\/div><\/div><\/div><\/p><\/div>\n<style type=\"text\/css\" data-created_by=\"avia_inline_auto\" id=\"style-css-av-isnh4p-4ca79baadc3f9cc2aa64626ba45528c0\">\n.flex_column.av-isnh4p-4ca79baadc3f9cc2aa64626ba45528c0{\nborder-radius:0px 0px 0px 0px;\npadding:0px 0px 0px 0px;\n}\n<\/style>\n<div  class='flex_column av-isnh4p-4ca79baadc3f9cc2aa64626ba45528c0 av_one_third  avia-builder-el-4  el_after_av_two_third  el_before_av_two_third  flex_column_div av-zero-column-padding  '     ><\/div>\n<style type=\"text\/css\" data-created_by=\"avia_inline_auto\" id=\"style-css-av-b7o0jt-b27a4e0167c70932ea649d4c18ad9990\">\n.flex_column.av-b7o0jt-b27a4e0167c70932ea649d4c18ad9990{\nborder-radius:0px 0px 0px 0px;\npadding:0px 0px 0px 0px;\n}\n<\/style>\n<div  class='flex_column av-b7o0jt-b27a4e0167c70932ea649d4c18ad9990 av_two_third  avia-builder-el-5  el_after_av_one_third  el_before_av_one_third  first flex_column_div av-zero-column-padding  column-top-margin'     ><div  class='togglecontainer av-9pmpop-b524b0fee7125c91ca65f69d23a048b2  avia-builder-el-6  avia-builder-el-no-sibling ' >\n<section class='av_toggle_section av-6x8689-3f75244e6d0eba51daddd1d0af6aa85f'  itemscope=\"itemscope\" itemtype=\"https:\/\/schema.org\/CreativeWork\" ><div role=\"tablist\" class=\"single_toggle\" data-tags=\"{Tout} \"  ><p data-fake-id='#toggle-id-1' class='toggler   '  itemprop=\"headline\"  role='tab' tabindex='0' aria-controls='toggle-id-1'>Limitation de la responsabilit\u00e9<span class=\"toggle_icon\"><span class=\"vert_icon\"><\/span><span class=\"hor_icon\"><\/span><\/span><\/p><div id='toggle-id-1' class='toggle_wrap  '  ><div class='toggle_content invers-color '  itemprop=\"text\" ><p>Le pr\u00e9sent site a \u00e9t\u00e9 con\u00e7u avec le plus grand soin. Le propri\u00e9taire de la domaine n\u2019est toutefois pas en mesure de garantir la pr\u00e9cision et la fiabilit\u00e9 des informations fournies par des tiers sur son site. Le propri\u00e9taire de la domaine se r\u00e9serve le droit de modifier ou de compl\u00e9ter en tout temps et sans notification pr\u00e9alable les informations mises \u00e0 disposition sur son site.<\/p>\n<p>Le propri\u00e9taire de la domaine d\u00e9cline toute responsabilit\u00e9 en cas de dommages en rapport direct ou indirect avec l\u2019acc\u00e8s, l\u2019utilisation ou la consultation du pr\u00e9sent site ou d\u2019informations contenues sur d\u2019autres sites.<\/p>\n<\/div><\/div><\/div><\/section>\n<section class='av_toggle_section av-lv5qh-07a35b87322ba9cfe004273ee8f35d08'  itemscope=\"itemscope\" itemtype=\"https:\/\/schema.org\/CreativeWork\" ><div role=\"tablist\" class=\"single_toggle\" data-tags=\"{Tout} \"  ><p data-fake-id='#toggle-id-2' class='toggler   '  itemprop=\"headline\"  role='tab' tabindex='0' aria-controls='toggle-id-2'>Liens &amp; liens hypertextes<span class=\"toggle_icon\"><span class=\"vert_icon\"><\/span><span class=\"hor_icon\"><\/span><\/span><\/p><div id='toggle-id-2' class='toggle_wrap  '  ><div class='toggle_content invers-color '  itemprop=\"text\" ><p>Toute personne activant sur ce site des liens et\/ou liens hypertextes, quitte automatiquement le site et se trouve par cons\u00e9quent sur des sites \u00e9trangers \u00e0 leukerbad-hotel-alex.ch. Le propri\u00e9taire de la domaine d\u00e9cline donc toute responsabilit\u00e9 concernant le contenu desdits sites, les produits et autres services propos\u00e9s.<\/p>\n<\/div><\/div><\/div><\/section>\n<section class='av_toggle_section av-7awa1-2a9a35c2851bfed0011b5a468f44b2f9'  itemscope=\"itemscope\" itemtype=\"https:\/\/schema.org\/CreativeWork\" ><div role=\"tablist\" class=\"single_toggle\" data-tags=\"{Tout} \"  ><p data-fake-id='#toggle-id-3' class='toggler   '  itemprop=\"headline\"  role='tab' tabindex='0' aria-controls='toggle-id-3'>Copyright<span class=\"toggle_icon\"><span class=\"vert_icon\"><\/span><span class=\"hor_icon\"><\/span><\/span><\/p><div id='toggle-id-3' class='toggle_wrap  '  ><div class='toggle_content invers-color '  itemprop=\"text\" ><p><strong>Tous droits r\u00e9serv\u00e9s<\/strong><\/p>\n<p>Le contenu du site Internet de leukerbad-hotel-alex.ch est prot\u00e9g\u00e9 par le droit d\u2019auteur (certaines pages peuvent toutefois contenir des \u00e9l\u00e9ments de textes et des images prot\u00e9g\u00e9s par le copyright de tiers).<\/p>\n<p>Le contenu de ce site Internet ne peut \u00eatre utilis\u00e9 qu\u2019\u00e0 des fins priv\u00e9es. Toute autre utilisation est r\u00e9serv\u00e9e. En particulier, le contenu de ce site ne peut \u00eatre, \u00e0 des fins commerciales ou non, diffus\u00e9, modifi\u00e9, rendu accessible \u00e0 des tiers, copi\u00e9 sur des supports de donn\u00e9es optiques ou \u00e9lectroniques, reproduit, sauvegard\u00e9 ou utilis\u00e9, sans l\u2019autorisation \u00e9crite pr\u00e9alable du propri\u00e9taire de la domaine.<\/p>\n<p>La mise \u00e0 disposition du pr\u00e9sent site n\u2019implique pas l\u2019octroi de licence d\u2019utilisation de la propri\u00e9t\u00e9 intellectuelle du propri\u00e9taire de la domaine ou de tiers.<\/p>\n<p><strong>Marques<\/strong><\/p>\n<p>Sauf sp\u00e9cification contraire, toutes les marques figurant sur ce site sont prot\u00e9g\u00e9es par le droit des marques. La pr\u00e9sente clause s\u2019applique notamment aux noms de marques du propri\u00e9taire de la domaine, au logo de l\u2019entreprise et autres symboles. Tous droits r\u00e9serv\u00e9s.<\/p>\n<\/div><\/div><\/div><\/section>\n<\/div><\/div>\n<style type=\"text\/css\" data-created_by=\"avia_inline_auto\" id=\"style-css-av-b7o0jt-d4c7c60de3437149e41984d07627356b\">\n.flex_column.av-b7o0jt-d4c7c60de3437149e41984d07627356b{\nborder-radius:0px 0px 0px 0px;\npadding:0px 0px 0px 0px;\n}\n<\/style>\n<div  class='flex_column av-b7o0jt-d4c7c60de3437149e41984d07627356b av_one_third  avia-builder-el-7  el_after_av_two_third  el_before_av_one_full  flex_column_div av-zero-column-padding  column-top-margin'     ><\/div>\n<style type=\"text\/css\" data-created_by=\"avia_inline_auto\" id=\"style-css-av-265woc-ad28d89b7dfb69d7f3d8e21f6441a689\">\n.flex_column.av-265woc-ad28d89b7dfb69d7f3d8e21f6441a689{\nborder-radius:0px 0px 0px 0px;\npadding:0px 0px 0px 0px;\n}\n<\/style>\n<div  class='flex_column av-265woc-ad28d89b7dfb69d7f3d8e21f6441a689 av_one_full  avia-builder-el-8  el_after_av_one_third  avia-builder-el-last  first flex_column_div av-zero-column-padding  column-top-margin'     ><div  class='avia-buttonrow-wrap av-jomm6s8w-530a1054741e76b52071f49a4a4132e2 avia-buttonrow-left  avia-builder-el-9  avia-builder-el-no-sibling '>\n\n<style type=\"text\/css\" data-created_by=\"avia_inline_auto\" id=\"style-css-av-4k1wfd-5463e9b7125e05e61315a211cb013164\">\n#top #wrap_all .avia-button.av-4k1wfd-5463e9b7125e05e61315a211cb013164{\nmargin-bottom:5px;\nmargin-right:5px;\n}\n<\/style>\n<a href='https:\/\/leukerbad-hotel-alex.ch\/fr\/declaration-de-confidentialite\/'  class='avia-button av-4k1wfd-5463e9b7125e05e61315a211cb013164 avia-icon_select-no avia-size-large avia-color-theme-color'  ><span class='avia_iconbox_title' >D\u00e9claration de confidentialit\u00e9<\/span><\/a>\n\n<style type=\"text\/css\" data-created_by=\"avia_inline_auto\" id=\"style-css-av-2vvmbd-7c81bcbda1169ec1cef7efc5e98994f0\">\n#top #wrap_all .avia-button.av-2vvmbd-7c81bcbda1169ec1cef7efc5e98994f0{\nmargin-bottom:5px;\nmargin-right:5px;\n}\n<\/style>\n<a href='https:\/\/leukerbad-hotel-alex.ch\/fr\/impressum\/'  class='avia-button av-2vvmbd-7c81bcbda1169ec1cef7efc5e98994f0 avia-icon_select-no avia-size-large avia-color-theme-color'  ><span class='avia_iconbox_title' >Impressum<\/span><\/a>\n<\/div><\/div>\n","protected":false},"excerpt":{"rendered":"","protected":false},"author":5,"featured_media":0,"parent":0,"menu_order":101,"comment_status":"closed","ping_status":"closed","template":"","meta":{"footnotes":""},"class_list":["post-5705","page","type-page","status-publish","hentry"],"publishpress_future_action":{"enabled":false,"date":"2026-04-25 07:24:55","action":"change-status","newStatus":"draft","terms":[],"taxonomy":"translation_priority","extraData":[]},"publishpress_future_workflow_manual_trigger":{"enabledWorkflows":[]},"_links":{"self":[{"href":"https:\/\/leukerbad-hotel-alex.ch\/fr\/wp-json\/wp\/v2\/pages\/5705","targetHints":{"allow":["GET"]}}],"collection":[{"href":"https:\/\/leukerbad-hotel-alex.ch\/fr\/wp-json\/wp\/v2\/pages"}],"about":[{"href":"https:\/\/leukerbad-hotel-alex.ch\/fr\/wp-json\/wp\/v2\/types\/page"}],"author":[{"embeddable":true,"href":"https:\/\/leukerbad-hotel-alex.ch\/fr\/wp-json\/wp\/v2\/users\/5"}],"replies":[{"embeddable":true,"href":"https:\/\/leukerbad-hotel-alex.ch\/fr\/wp-json\/wp\/v2\/comments?post=5705"}],"version-history":[{"count":0,"href":"https:\/\/leukerbad-hotel-alex.ch\/fr\/wp-json\/wp\/v2\/pages\/5705\/revisions"}],"wp:attachment":[{"href":"https:\/\/leukerbad-hotel-alex.ch\/fr\/wp-json\/wp\/v2\/media?parent=5705"}],"curies":[{"name":"wp","href":"https:\/\/api.w.org\/{rel}","templated":true}]}}