{"id":3662,"date":"2017-03-25T16:20:17","date_gmt":"2017-03-25T15:20:17","guid":{"rendered":"https:\/\/leukerbad-hotel-alex.ch\/?page_id=3662\/"},"modified":"2023-06-29T11:34:43","modified_gmt":"2023-06-29T09:34:43","slug":"bikehotel-leukerbad-hotel-alex-leukerbad","status":"publish","type":"page","link":"https:\/\/leukerbad-hotel-alex.ch\/fr\/bikehotel-leukerbad-hotel-alex-leukerbad\/","title":{"rendered":"Bikehotel Leukerbad &#8211; Hotel Alex Leukerbad"},"content":{"rendered":"<div id='full_slider_1'  class='avia-fullwidth-slider main_color avia-shadow   avia-builder-el-0  el_before_av_section  avia-builder-el-first   container_wrap fullsize'  ><div  class='avia-slideshow av-r4pwfy-82649cb2177f9a5f87e0951266264ff6 avia-slideshow-no scaling av_slideshow_full avia-fade-slider av-slideshow-ui av-control-hidden av-no-slider-navigation av-hide-nav-arrows av-slideshow-autoplay av-loop-endless av-loop-manual-endless av-default-height-applied   avia-slideshow-1' data-slideshow-options=\"{&quot;animation&quot;:&quot;fade&quot;,&quot;autoplay&quot;:true,&quot;loop_autoplay&quot;:&quot;endless&quot;,&quot;interval&quot;:4,&quot;loop_manual&quot;:&quot;manual-endless&quot;,&quot;autoplay_stopper&quot;:false,&quot;noNavigation&quot;:true,&quot;bg_slider&quot;:false,&quot;keep_padding&quot;:false,&quot;hoverpause&quot;:false,&quot;show_slide_delay&quot;:0}\"  itemprop=\"image\" itemscope=\"itemscope\" itemtype=\"https:\/\/schema.org\/ImageObject\" ><ul class='avia-slideshow-inner ' style='padding-bottom: 40.104166666667%;'><li  class='avia-slideshow-slide av-r4pwfy-82649cb2177f9a5f87e0951266264ff6__0  slide-1 slide-odd'><div data-rel='slideshow-1' class='avia-slide-wrap '   ><img decoding=\"async\" fetchpriority=\"high\" class=\"wp-image-3360 avia-img-lazy-loading-not-3360\"  src=\"https:\/\/leukerbad-hotel-alex.ch\/wp-content\/uploads\/bikekarte-leukerbad-bikehotel-alex-01.jpg\" width=\"1920\" height=\"770\" title='bikekarte-leukerbad-bikehotel-alex-01' alt=''  itemprop=\"thumbnailUrl\" srcset=\"https:\/\/leukerbad-hotel-alex.ch\/wp-content\/uploads\/bikekarte-leukerbad-bikehotel-alex-01.jpg 1920w, https:\/\/leukerbad-hotel-alex.ch\/wp-content\/uploads\/bikekarte-leukerbad-bikehotel-alex-01-300x120.jpg 300w, https:\/\/leukerbad-hotel-alex.ch\/wp-content\/uploads\/bikekarte-leukerbad-bikehotel-alex-01-1030x413.jpg 1030w, https:\/\/leukerbad-hotel-alex.ch\/wp-content\/uploads\/bikekarte-leukerbad-bikehotel-alex-01-1500x602.jpg 1500w, https:\/\/leukerbad-hotel-alex.ch\/wp-content\/uploads\/bikekarte-leukerbad-bikehotel-alex-01-705x283.jpg 705w, https:\/\/leukerbad-hotel-alex.ch\/wp-content\/uploads\/bikekarte-leukerbad-bikehotel-alex-01-450x180.jpg 450w\" sizes=\"(max-width: 1920px) 100vw, 1920px\" \/><\/div><\/li><li  class='avia-slideshow-slide av-r4pwfy-82649cb2177f9a5f87e0951266264ff6__1  slide-2 slide-even'><div data-rel='slideshow-1' class='avia-slide-wrap '   ><img decoding=\"async\" fetchpriority=\"high\" class=\"wp-image-3364 avia-img-lazy-loading-not-3364\"  src=\"https:\/\/leukerbad-hotel-alex.ch\/wp-content\/uploads\/bikekarte-leukerbad-bikehotel-alex-02.jpg\" width=\"1920\" height=\"770\" title='bikekarte-leukerbad-bikehotel-alex-02' alt=''  itemprop=\"thumbnailUrl\" srcset=\"https:\/\/leukerbad-hotel-alex.ch\/wp-content\/uploads\/bikekarte-leukerbad-bikehotel-alex-02.jpg 1920w, https:\/\/leukerbad-hotel-alex.ch\/wp-content\/uploads\/bikekarte-leukerbad-bikehotel-alex-02-300x120.jpg 300w, https:\/\/leukerbad-hotel-alex.ch\/wp-content\/uploads\/bikekarte-leukerbad-bikehotel-alex-02-1030x413.jpg 1030w, https:\/\/leukerbad-hotel-alex.ch\/wp-content\/uploads\/bikekarte-leukerbad-bikehotel-alex-02-1500x602.jpg 1500w, https:\/\/leukerbad-hotel-alex.ch\/wp-content\/uploads\/bikekarte-leukerbad-bikehotel-alex-02-705x283.jpg 705w, https:\/\/leukerbad-hotel-alex.ch\/wp-content\/uploads\/bikekarte-leukerbad-bikehotel-alex-02-450x180.jpg 450w\" sizes=\"(max-width: 1920px) 100vw, 1920px\" \/><\/div><\/li><li  class='avia-slideshow-slide av-r4pwfy-82649cb2177f9a5f87e0951266264ff6__2  slide-3 slide-odd'><div data-rel='slideshow-1' class='avia-slide-wrap '   ><img decoding=\"async\" fetchpriority=\"high\" class=\"wp-image-3368 avia-img-lazy-loading-not-3368\"  src=\"https:\/\/leukerbad-hotel-alex.ch\/wp-content\/uploads\/bikekarte-leukerbad-bikehotel-alex-03.jpg\" width=\"1920\" height=\"770\" title='bikekarte-leukerbad-bikehotel-alex-03' alt=''  itemprop=\"thumbnailUrl\" srcset=\"https:\/\/leukerbad-hotel-alex.ch\/wp-content\/uploads\/bikekarte-leukerbad-bikehotel-alex-03.jpg 1920w, https:\/\/leukerbad-hotel-alex.ch\/wp-content\/uploads\/bikekarte-leukerbad-bikehotel-alex-03-300x120.jpg 300w, https:\/\/leukerbad-hotel-alex.ch\/wp-content\/uploads\/bikekarte-leukerbad-bikehotel-alex-03-1030x413.jpg 1030w, https:\/\/leukerbad-hotel-alex.ch\/wp-content\/uploads\/bikekarte-leukerbad-bikehotel-alex-03-1500x602.jpg 1500w, https:\/\/leukerbad-hotel-alex.ch\/wp-content\/uploads\/bikekarte-leukerbad-bikehotel-alex-03-705x283.jpg 705w, https:\/\/leukerbad-hotel-alex.ch\/wp-content\/uploads\/bikekarte-leukerbad-bikehotel-alex-03-450x180.jpg 450w\" sizes=\"(max-width: 1920px) 100vw, 1920px\" \/><\/div><\/li><\/ul><div class='avia-slideshow-arrows avia-slideshow-controls' ><a href='#prev' class='prev-slide ' aria-hidden='true' data-av_icon='\ue87c' data-av_iconfont='entypo-fontello'  tabindex='-1'>Pr\u00e9c\u00e9dent<\/a><a href='#next' class='next-slide ' aria-hidden='true' data-av_icon='\ue87d' data-av_iconfont='entypo-fontello'  tabindex='-1'>Suivant<\/a><\/div><\/div><\/div>\n<div id='cb-h1-spacer'  class='avia-section av-k932su-e96d539904c5c070ead983f90a762d05 main_color avia-section-default avia-no-shadow  avia-builder-el-1  el_after_av_slideshow_full  avia-builder-el-last  avia-bg-style-scroll container_wrap fullsize'  ><div class='container av-section-cont-open' ><div class='template-page content  av-content-full alpha units'><div class='post-entry post-entry-type-page post-entry-3662'><div class='entry-content-wrapper clearfix'>\n\n<style type=\"text\/css\" data-created_by=\"avia_inline_auto\" id=\"style-css-av-ikr0cu-10b56cf60eaecf7beaabe0b4de9f4f79\">\n.flex_column.av-ikr0cu-10b56cf60eaecf7beaabe0b4de9f4f79{\nborder-radius:0px 0px 0px 0px;\npadding:0px 0px 0px 0px;\n}\n<\/style>\n<div  class='flex_column av-ikr0cu-10b56cf60eaecf7beaabe0b4de9f4f79 av_one_third  avia-builder-el-2  el_before_av_two_third  avia-builder-el-first  first flex_column_div av-zero-column-padding  '     ><p>\n<style type=\"text\/css\" data-created_by=\"avia_inline_auto\" id=\"style-css-av-1srm0e-df77a62e83b96314b382ee54e61355f4\">\n#top .hr.av-1srm0e-df77a62e83b96314b382ee54e61355f4{\nmargin-top:10px;\nmargin-bottom:10px;\n}\n.hr.av-1srm0e-df77a62e83b96314b382ee54e61355f4 .hr-inner{\nwidth:100%;\nborder-color:#6b6b6b;\n}\n<\/style>\n<div  class='hr av-1srm0e-df77a62e83b96314b382ee54e61355f4 hr-custom  avia-builder-el-3  el_before_av_heading  avia-builder-el-first  hr-center hr-icon-no'><span class='hr-inner inner-border-av-border-fat'><span class=\"hr-inner-style\"><\/span><\/span><\/div><br \/>\n\n<style type=\"text\/css\" data-created_by=\"avia_inline_auto\" id=\"style-css-av-2qpqxa-7183b19573de367df601393f5025284f\">\n#top .av-special-heading.av-2qpqxa-7183b19573de367df601393f5025284f{\npadding-bottom:0;\n}\nbody .av-special-heading.av-2qpqxa-7183b19573de367df601393f5025284f .av-special-heading-tag .heading-char{\nfont-size:25px;\n}\n.av-special-heading.av-2qpqxa-7183b19573de367df601393f5025284f .av-subheading{\nfont-size:20px;\n}\n<\/style>\n<div  class='av-special-heading av-2qpqxa-7183b19573de367df601393f5025284f av-special-heading-h1 blockquote modern-quote  avia-builder-el-4  el_after_av_hr  el_before_av_hr '><h1 class='av-special-heading-tag'  itemprop=\"headline\"  >Bike Hotel Alex Leukerbad<\/h1><div class='av-subheading av-subheading_below'><p>Flowtrail Leukerbad<\/p>\n<\/div><div class=\"special-heading-border\"><div class=\"special-heading-inner-border\"><\/div><\/div><\/div><br \/>\n\n<style type=\"text\/css\" data-created_by=\"avia_inline_auto\" id=\"style-css-av-en4ez2-b69de93ab3984d850e50776c680f7572\">\n#top .hr.hr-invisible.av-en4ez2-b69de93ab3984d850e50776c680f7572{\nheight:40px;\n}\n<\/style>\n<div  class='hr av-en4ez2-b69de93ab3984d850e50776c680f7572 hr-invisible  avia-builder-el-5  el_after_av_heading  avia-builder-el-last '><span class='hr-inner '><span class=\"hr-inner-style\"><\/span><\/span><\/div><\/p><\/div>\n<style type=\"text\/css\" data-created_by=\"avia_inline_auto\" id=\"style-css-av-c9dzv2-83a09642025771c0827333e3f091119d\">\n.flex_column.av-c9dzv2-83a09642025771c0827333e3f091119d{\nborder-radius:0px 0px 0px 0px;\npadding:0px 0px 0px 0px;\n}\n<\/style>\n<div  class='flex_column av-c9dzv2-83a09642025771c0827333e3f091119d av_two_third  avia-builder-el-6  el_after_av_one_third  el_before_av_one_third  flex_column_div av-zero-column-padding  '     ><p><section  class='av_textblock_section av-aedg0e-773fb313f12cd2d303aee9b65f5f5d88 '   itemscope=\"itemscope\" itemtype=\"https:\/\/schema.org\/CreativeWork\" ><div class='avia_textblock'  itemprop=\"text\" ><p>L\u2019h\u00f4tel Alex se trouve <a href=\"https:\/\/leukerbad-hotel-alex.ch\/fr\/situation-et-acces\/\">\u00e0 proximit\u00e9 imm\u00e9diate<\/a> du t\u00e9l\u00e9ph\u00e9rique Torrent, qui permet d\u2019acc\u00e9der le flowtrail du Torrent.<\/p>\n<h3>Le Bike Hotel Alex vous offre<\/h3>\n<ul>\n<li>un local verrouillable pour des bikes<\/li>\n<li>une zone de lavage pour votre v\u00e9lo<\/li>\n<li>un service de buanderie pour les v\u00eatements de biking<\/li>\n<li>l&rsquo;utilisation gratuite du t\u00e9l\u00e9ph\u00e9rique pour la Gemmi pendant la saison d&rsquo;\u00e9t\u00e9<\/li>\n<\/ul>\n<\/div><\/section><br \/>\n<section  class='av_textblock_section av-8xwxwe-f71f375077c1dc03d3015b56ba649aff '   itemscope=\"itemscope\" itemtype=\"https:\/\/schema.org\/CreativeWork\" ><div class='avia_textblock'  itemprop=\"text\" ><h3>Lo\u00e8che-les-Bains vous offre<\/h3>\n<ul>\n<li><a href=\"https:\/\/www.leukerbad.ch\/fr\/vtt#parcours-vtt\" target=\"_blank\" rel=\"noopener\">20 circuits de randonn\u00e9e \u00e0 VTT<\/a><\/li>\n<\/ul>\n<\/div><\/section><br \/>\n<section  class='av_textblock_section av-8xwxwe-f71f375077c1dc03d3015b56ba649aff '   itemscope=\"itemscope\" itemtype=\"https:\/\/schema.org\/CreativeWork\" ><div class='avia_textblock'  itemprop=\"text\" ><h3>Bike-Saumer \u00e0 Lo\u00e8che-les-Bains<\/h3>\n<ul>\n<li>Christian Ammann, plus connu sous le nom de Bike-Saumer, est \u00e0 Leukerbad cet \u00e9t\u00e9.<\/li>\n<li>Si vous souhaitez am\u00e9liorer vos comp\u00e9tences \u00e0 v\u00e9lo ou si vous recherchez un guide exp\u00e9riment\u00e9, c&rsquo;est la bonne personne \u00e0 qui vous adresser.<\/li>\n<li>Vous pouvez trouver plus d&rsquo;informations sur son<a href=\"https:\/\/bike-saumer.ch\/#geschichte\" target=\"_blank\" rel=\"noopener\"> site web.<\/a><\/li>\n<\/ul>\n<\/div><\/section><\/p><\/div>\n<style type=\"text\/css\" data-created_by=\"avia_inline_auto\" id=\"style-css-av-7sktda-bda0fbe8d1f6b1f928033e75b27bc355\">\n.flex_column.av-7sktda-bda0fbe8d1f6b1f928033e75b27bc355{\nborder-radius:0px 0px 0px 0px;\npadding:0px 0px 0px 0px;\n}\n<\/style>\n<div  class='flex_column av-7sktda-bda0fbe8d1f6b1f928033e75b27bc355 av_one_third  avia-builder-el-10  el_after_av_two_third  el_before_av_two_third  first flex_column_div av-zero-column-padding  column-top-margin'     ><div  id=\"avia-magazine-1\"  class='av-magazine av-6l467i-5dcc9ba260317aa6cdf61992a3a45d52 av-magazine-top-bar-active av-magazine-hero-top av-magazine-tabs-active  avia-builder-el-11  avia-builder-el-no-sibling   avia-builder-el-11  avia-builder-el-no-sibling ' ><div class='av-magazine-top-bar '><\/div><div class='av-magazine-group sort_all'><div class='av-magazine-hero first '><article class='av-magazine-entry av-magazine-entry-id-1889 av-magazine-format-standard av-magazine-type-post av-magazine-entry-1 av-magazine-entry-big '  itemscope=\"itemscope\" itemtype=\"https:\/\/schema.org\/CreativeWork\" ><div class=\"av-magazine-thumbnail\"><a href=\"https:\/\/leukerbad-hotel-alex.ch\/fr\/forfait-biking-2024\/\" title=\"Lier vers : Forfait V\u00e9lo 2024\" class=\"av-magazine-thumbnail-link\"><img decoding=\"async\" fetchpriority=\"high\" width=\"710\" height=\"375\" src=\"https:\/\/leukerbad-hotel-alex.ch\/wp-content\/uploads\/biken-hotel-alex-leukerbad-710x375.jpg\" class=\"wp-image-3636 avia-img-lazy-loading-not-3636 attachment-magazine size-magazine wp-post-image\" alt=\"Biking Hotel Alex Leukerbad\" srcset=\"https:\/\/leukerbad-hotel-alex.ch\/wp-content\/uploads\/biken-hotel-alex-leukerbad-710x375.jpg 710w, https:\/\/leukerbad-hotel-alex.ch\/wp-content\/uploads\/biken-hotel-alex-leukerbad-800x423.jpg 800w\" sizes=\"(max-width: 710px) 100vw, 710px\" \/><\/a><\/div><div class=\"av-magazine-content-wrap\"><header class=\"entry-content-header\"><time class='av-magazine-time updated'  itemprop=\"datePublished\" datetime=\"2018-05-13T18:00:34+02:00\" >13.05.2018<\/time><h3 class='av-magazine-title entry-title '  itemprop=\"headline\" ><a href=\"https:\/\/leukerbad-hotel-alex.ch\/fr\/forfait-biking-2024\/\" title=\"Lier vers : Forfait V\u00e9lo 2024\">Forfait V\u00e9lo 2024<\/a><\/h3><\/header><div class='av-magazine-content entry-content'  itemprop=\"text\" ><p>2 nuit\u00e9es pour v\u00e9t\u00e9tistes, avec des extras.<br \/>\n\u00e0 partir de CHF 172.\u2013 par personne.<\/p>\n<\/div><\/div><footer class=\"entry-footer\"><\/footer><\/article><\/div><\/div><\/div><\/div>\n<style type=\"text\/css\" data-created_by=\"avia_inline_auto\" id=\"style-css-av-3tocr2-c1cf5d75462ad0e77e97aa870be767f5\">\n.flex_column.av-3tocr2-c1cf5d75462ad0e77e97aa870be767f5{\nborder-radius:0px 0px 0px 0px;\npadding:0px 0px 0px 0px;\n}\n<\/style>\n<div  class='flex_column av-3tocr2-c1cf5d75462ad0e77e97aa870be767f5 av_two_third  avia-builder-el-12  el_after_av_one_third  avia-builder-el-last  flex_column_div av-zero-column-padding  column-top-margin'     ><section  class='av_textblock_section av-2w9xpq-0822b542feee816630199f105d7f0bfa '   itemscope=\"itemscope\" itemtype=\"https:\/\/schema.org\/CreativeWork\" ><div class='avia_textblock'  itemprop=\"text\" ><div class='avia-iframe-wrap'>\n<div data-mode=\"normal\" data-oembed=\"1\" data-provider=\"youtube\" id=\"arve-youtube-iowuigfnmeq\" class=\"arve\">\n<div class=\"arve-inner\">\n<div class=\"arve-embed arve-embed--has-aspect-ratio\">\n<div class=\"arve-ar\" style=\"padding-top:56.266667%\"><\/div>\n<p>\t\t\t<iframe allow=\"accelerometer &apos;none&apos;;autoplay &apos;none&apos;;bluetooth &apos;none&apos;;browsing-topics &apos;none&apos;;camera &apos;none&apos;;clipboard-read &apos;none&apos;;clipboard-write;display-capture &apos;none&apos;;encrypted-media &apos;none&apos;;gamepad &apos;none&apos;;geolocation &apos;none&apos;;gyroscope &apos;none&apos;;hid &apos;none&apos;;identity-credentials-get &apos;none&apos;;idle-detection &apos;none&apos;;keyboard-map &apos;none&apos;;local-fonts;magnetometer &apos;none&apos;;microphone &apos;none&apos;;midi &apos;none&apos;;otp-credentials &apos;none&apos;;payment &apos;none&apos;;picture-in-picture;publickey-credentials-create &apos;none&apos;;publickey-credentials-get &apos;none&apos;;screen-wake-lock &apos;none&apos;;serial &apos;none&apos;;summarizer &apos;none&apos;;sync-xhr;usb &apos;none&apos;;web-share;window-management &apos;none&apos;;xr-spatial-tracking &apos;none&apos;;\" allowfullscreen=\"\" class=\"arve-iframe fitvidsignore\" credentialless data-arve=\"arve-youtube-iowuigfnmeq\" data-lenis-prevent=\"\" data-src-no-ap=\"https:\/\/www.youtube-nocookie.com\/embed\/iOWUIgfNMeQ?feature=oembed&amp;iv_load_policy=3&amp;modestbranding=1&amp;rel=0&amp;autohide=1&amp;playsinline=0&amp;autoplay=0\" frameborder=\"0\" height=\"0\" loading=\"lazy\" name=\"\" referrerpolicy=\"strict-origin-when-cross-origin\" sandbox=\"allow-scripts allow-same-origin allow-presentation allow-popups allow-popups-to-escape-sandbox\" scrolling=\"no\" src=\"https:\/\/www.youtube-nocookie.com\/embed\/iOWUIgfNMeQ?feature=oembed&#038;iv_load_policy=3&#038;modestbranding=1&#038;rel=0&#038;autohide=1&#038;playsinline=0&#038;autoplay=0\" title=\"\" width=\"0\"><\/iframe><\/p>\n<\/div>\n<\/div>\n<p>\t<script type=\"application\/ld+json\">{\"@context\":\"http:\\\/\\\/schema.org\\\/\",\"@id\":\"https:\\\/\\\/leukerbad-hotel-alex.ch\\\/fr\\\/bikehotel-leukerbad-hotel-alex-leukerbad\\\/#arve-youtube-iowuigfnmeq\",\"type\":\"VideoObject\",\"embedURL\":\"https:\\\/\\\/www.youtube-nocookie.com\\\/embed\\\/iOWUIgfNMeQ?feature=oembed&iv_load_policy=3&modestbranding=1&rel=0&autohide=1&playsinline=0&autoplay=0\"}<\/script><\/p>\n<\/div>\n<\/div>\n<\/div><\/section><\/div>\n","protected":false},"excerpt":{"rendered":"","protected":false},"author":5,"featured_media":0,"parent":0,"menu_order":58,"comment_status":"closed","ping_status":"closed","template":"","meta":{"footnotes":""},"class_list":["post-3662","page","type-page","status-publish","hentry"],"publishpress_future_action":{"enabled":false,"date":"2026-04-25 07:24:56","action":"change-status","newStatus":"draft","terms":[],"taxonomy":"translation_priority","extraData":[]},"publishpress_future_workflow_manual_trigger":{"enabledWorkflows":[]},"_links":{"self":[{"href":"https:\/\/leukerbad-hotel-alex.ch\/fr\/wp-json\/wp\/v2\/pages\/3662","targetHints":{"allow":["GET"]}}],"collection":[{"href":"https:\/\/leukerbad-hotel-alex.ch\/fr\/wp-json\/wp\/v2\/pages"}],"about":[{"href":"https:\/\/leukerbad-hotel-alex.ch\/fr\/wp-json\/wp\/v2\/types\/page"}],"author":[{"embeddable":true,"href":"https:\/\/leukerbad-hotel-alex.ch\/fr\/wp-json\/wp\/v2\/users\/5"}],"replies":[{"embeddable":true,"href":"https:\/\/leukerbad-hotel-alex.ch\/fr\/wp-json\/wp\/v2\/comments?post=3662"}],"version-history":[{"count":0,"href":"https:\/\/leukerbad-hotel-alex.ch\/fr\/wp-json\/wp\/v2\/pages\/3662\/revisions"}],"wp:attachment":[{"href":"https:\/\/leukerbad-hotel-alex.ch\/fr\/wp-json\/wp\/v2\/media?parent=3662"}],"curies":[{"name":"wp","href":"https:\/\/api.w.org\/{rel}","templated":true}]}}