{"id":1679,"date":"2016-12-15T02:06:32","date_gmt":"2016-12-15T01:06:32","guid":{"rendered":"https:\/\/leukerbad-hotel-alex.ch\/fr\/?page_id=1679"},"modified":"2019-09-24T17:43:54","modified_gmt":"2019-09-24T15:43:54","slug":"contactez-nous","status":"publish","type":"page","link":"https:\/\/leukerbad-hotel-alex.ch\/fr\/contactez-nous\/","title":{"rendered":"Contactez-nous"},"content":{"rendered":"<div id='av_section_1'  class='avia-section av-xxnl6n-ae751d7ae9480be21261cad9a46692c9 main_color avia-section-default avia-no-shadow  avia-builder-el-0  avia-builder-el-no-sibling  avia-bg-style-scroll container_wrap fullsize'  ><div class='container av-section-cont-open' ><main  role=\"main\" itemprop=\"mainContentOfPage\"  class='template-page content  av-content-full alpha units'><div class='post-entry post-entry-type-page post-entry-1679'><div class='entry-content-wrapper clearfix'>\n\n<style type=\"text\/css\" data-created_by=\"avia_inline_auto\" id=\"style-css-av-wzpvpb-0877a0b92b30bb5b68bfd9153ffd0364\">\n.flex_column.av-wzpvpb-0877a0b92b30bb5b68bfd9153ffd0364{\nborder-radius:0px 0px 0px 0px;\npadding:0px 0px 0px 0px;\n}\n<\/style>\n<div  class='flex_column av-wzpvpb-0877a0b92b30bb5b68bfd9153ffd0364 av_one_third  avia-builder-el-1  el_before_av_two_third  avia-builder-el-first  first flex_column_div av-zero-column-padding  '     ><p>\n<style type=\"text\/css\" data-created_by=\"avia_inline_auto\" id=\"style-css-av-tzh9xb-13d8ca4b09a0dc7ab3794bbf2000261d\">\n#top .hr.av-tzh9xb-13d8ca4b09a0dc7ab3794bbf2000261d{\nmargin-top:10px;\nmargin-bottom:10px;\n}\n.hr.av-tzh9xb-13d8ca4b09a0dc7ab3794bbf2000261d .hr-inner{\nwidth:100%;\nborder-color:#6b6b6b;\n}\n<\/style>\n<div  class='hr av-tzh9xb-13d8ca4b09a0dc7ab3794bbf2000261d hr-custom  avia-builder-el-2  el_before_av_heading  avia-builder-el-first  hr-center hr-icon-no'><span class='hr-inner inner-border-av-border-fat'><span class=\"hr-inner-style\"><\/span><\/span><\/div><br \/>\n\n<style type=\"text\/css\" data-created_by=\"avia_inline_auto\" id=\"style-css-av-av_heading-5e56b445ba56cafb84cbfbc378c462a4\">\n#top .av-special-heading.av-av_heading-5e56b445ba56cafb84cbfbc378c462a4{\npadding-bottom:0;\n}\nbody .av-special-heading.av-av_heading-5e56b445ba56cafb84cbfbc378c462a4 .av-special-heading-tag .heading-char{\nfont-size:25px;\n}\n.av-special-heading.av-av_heading-5e56b445ba56cafb84cbfbc378c462a4 .av-subheading{\nfont-size:20px;\n}\n<\/style>\n<div  class='av-special-heading av-av_heading-5e56b445ba56cafb84cbfbc378c462a4 av-special-heading-h1 blockquote modern-quote  avia-builder-el-3  el_after_av_hr  avia-builder-el-last '><h1 class='av-special-heading-tag'  itemprop=\"headline\"  >Contact<\/h1><div class='av-subheading av-subheading_below'><p>Notre \u00e9quipe se tient \u00e0 votre disposition<\/p>\n<\/div><div class=\"special-heading-border\"><div class=\"special-heading-inner-border\"><\/div><\/div><\/div><\/p><\/div>\n<style type=\"text\/css\" data-created_by=\"avia_inline_auto\" id=\"style-css-av-repxvj-a45f222f5d7b08e7f2ba848f64f37a7e\">\n.flex_column.av-repxvj-a45f222f5d7b08e7f2ba848f64f37a7e{\nborder-radius:0px 0px 0px 0px;\npadding:0px 0px 0px 0px;\n}\n<\/style>\n<div  class='flex_column av-repxvj-a45f222f5d7b08e7f2ba848f64f37a7e av_two_third  avia-builder-el-4  el_after_av_one_third  avia-builder-el-last  flex_column_div av-zero-column-padding  '     ><p><section  class='av_textblock_section av-q1ybpr-742e13495cdf82e5a5be5b851c931a7b '   itemscope=\"itemscope\" itemtype=\"https:\/\/schema.org\/CreativeWork\" ><div class='avia_textblock'  itemprop=\"text\" ><p>N&rsquo;h\u00e9sitez pas \u00e0 nous contacter par t\u00e9l\u00e9phone ou par email.<\/p>\n<ul>\n<li>Pour vos r\u00e9servations,<\/li>\n<li>pour des offres sur mesure,<\/li>\n<li>pour des besoins particuliers,<\/li>\n<li>si vous avez des critiques ou des suggestions,<\/li>\n<li>ou si vous avez des questions, tout simplement.<\/li>\n<\/ul>\n<\/div><\/section><br \/>\n\n<style type=\"text\/css\" data-created_by=\"avia_inline_auto\" id=\"style-css-av-5azgq7-8947d90832696dd6d843ecd8c11538ac\">\n#top .av_textblock_section.av-5azgq7-8947d90832696dd6d843ecd8c11538ac .avia_textblock{\nfont-size:20px;\n}\n<\/style>\n<section  class='av_textblock_section av-5azgq7-8947d90832696dd6d843ecd8c11538ac '   itemscope=\"itemscope\" itemtype=\"https:\/\/schema.org\/CreativeWork\" ><div class='avia_textblock'  itemprop=\"text\" ><h2><a href=\"tel:+41274722222\">+41 27 472 22 22<\/a><\/h2>\n<p><a href=\"mailto:info@hotel-alex.ch\">info@hotel-alex.ch<\/a><br \/>\n<a href=\"http:\/\/www.facebook.com\/hotelalex\" target=\"_blank\" rel=\"noopener noreferrer\">www.facebook.com\/hotelalex<\/a><\/p>\n<\/div><\/section><\/p><\/div>\n","protected":false},"excerpt":{"rendered":"","protected":false},"author":5,"featured_media":0,"parent":0,"menu_order":82,"comment_status":"closed","ping_status":"closed","template":"","meta":{"footnotes":""},"class_list":["post-1679","page","type-page","status-publish","hentry"],"publishpress_future_action":{"enabled":false,"date":"2026-04-25 05:58:49","action":"change-status","newStatus":"draft","terms":[],"taxonomy":"translation_priority","extraData":[]},"publishpress_future_workflow_manual_trigger":{"enabledWorkflows":[]},"_links":{"self":[{"href":"https:\/\/leukerbad-hotel-alex.ch\/fr\/wp-json\/wp\/v2\/pages\/1679","targetHints":{"allow":["GET"]}}],"collection":[{"href":"https:\/\/leukerbad-hotel-alex.ch\/fr\/wp-json\/wp\/v2\/pages"}],"about":[{"href":"https:\/\/leukerbad-hotel-alex.ch\/fr\/wp-json\/wp\/v2\/types\/page"}],"author":[{"embeddable":true,"href":"https:\/\/leukerbad-hotel-alex.ch\/fr\/wp-json\/wp\/v2\/users\/5"}],"replies":[{"embeddable":true,"href":"https:\/\/leukerbad-hotel-alex.ch\/fr\/wp-json\/wp\/v2\/comments?post=1679"}],"version-history":[{"count":0,"href":"https:\/\/leukerbad-hotel-alex.ch\/fr\/wp-json\/wp\/v2\/pages\/1679\/revisions"}],"wp:attachment":[{"href":"https:\/\/leukerbad-hotel-alex.ch\/fr\/wp-json\/wp\/v2\/media?parent=1679"}],"curies":[{"name":"wp","href":"https:\/\/api.w.org\/{rel}","templated":true}]}}